{"id":1371,"date":"2020-03-08T22:48:50","date_gmt":"2020-03-08T22:48:50","guid":{"rendered":"https:\/\/www.creditinitiative.eu\/vorschlag\/"},"modified":"2021-02-24T12:32:56","modified_gmt":"2021-02-24T12:32:56","slug":"lakialoite","status":"publish","type":"page","link":"https:\/\/www.creditinitiative.eu\/fi\/lakialoite\/","title":{"rendered":"Eurooppalaisen rahoitusaloitteen lakialoite"},"content":{"rendered":"<p>[et_pb_section fb_built=&#8221;1&#8243; _builder_version=&#8221;3.28&#8243; min_height=&#8221;315px&#8221; custom_margin=&#8221;||-13px|||&#8221; custom_padding=&#8221;0px||5px|||&#8221;][et_pb_row column_structure=&#8221;1_2,1_2&#8243; _builder_version=&#8221;3.28&#8243; custom_margin=&#8221;|auto|30px|auto||&#8221; custom_padding=&#8221;0px||0px|||&#8221;][et_pb_column type=&#8221;1_2&#8243; _builder_version=&#8221;3.28&#8243;][et_pb_text _builder_version=&#8221;4.9.0&#8243; header_font=&#8221;|||on|||||&#8221; header_text_color=&#8221;#65b32e&#8221; custom_margin=&#8221;||-53px|||&#8221; custom_padding=&#8221;85px||0px|||&#8221; header_font_size_tablet=&#8221;&#8221; header_font_size_phone=&#8221;17px&#8221; header_font_size_last_edited=&#8221;on|phone&#8221; header_5_font_size_tablet=&#8221;&#8221; header_5_font_size_phone=&#8221;12px&#8221; header_5_font_size_last_edited=&#8221;on|phone&#8221;]<\/p>\n<p>#economyforfuture<\/p>\n<h1>EUROOPPALAISEN RAHOITUSALOITTEEN LAKIALOITE<\/h1>\n<p>[\/et_pb_text][et_pb_text _builder_version=&#8221;4.9.0&#8243; header_font=&#8221;|||on|||||&#8221; header_text_align=&#8221;left&#8221; header_5_font=&#8221;Swanky and Moo Moo|700|on||||||&#8221; header_5_text_align=&#8221;right&#8221; header_5_text_color=&#8221;#e6160f&#8221; header_5_font_size=&#8221;35px&#8221; transform_rotate=&#8221;0deg|0deg|356deg&#8221; width=&#8221;115.5%&#8221; custom_margin=&#8221;3px|-55px|6px||false|false&#8221; custom_margin_tablet=&#8221;&#8221; custom_margin_phone=&#8221;0px|0px|0px|0px|false|false&#8221; custom_margin_last_edited=&#8221;on|desktop&#8221; custom_padding=&#8221;35px|61px|0px|0px|false|false&#8221; header_text_align_phone=&#8221;center&#8221; header_text_align_last_edited=&#8221;off|desktop&#8221; header_5_text_align_tablet=&#8221;&#8221; header_5_text_align_phone=&#8221;center&#8221; header_5_text_align_last_edited=&#8221;on|phone&#8221; header_5_text_color_tablet=&#8221;&#8221; header_5_text_color_phone=&#8221;&#8221; header_5_text_color_last_edited=&#8221;on|desktop&#8221; header_5_font_size_tablet=&#8221;&#8221; header_5_font_size_phone=&#8221;22px&#8221; header_5_font_size_last_edited=&#8221;on|desktop&#8221;]<\/p>\n<h5>ja sen tausta<\/h5>\n<p>[\/et_pb_text][\/et_pb_column][et_pb_column type=&#8221;1_2&#8243; _builder_version=&#8221;3.28&#8243;][et_pb_code disabled_on=&#8221;on|off|off&#8221; _builder_version=&#8221;3.28&#8243; width=&#8221;92.2%&#8221; custom_margin=&#8221;-110px||-50px|80px|false|false&#8221; custom_padding=&#8221;|0px|||false|false&#8221;]<!-- Chart Action CSS -->\r\n<style type=\"text\/css\">\r\n\t#imap_1 {\n \n}<\/style>\r\n\r\n<!-- Chart Action HTML -->\r\n<div id=\"imap_1\">\n  <div class=\"interactive_map_finder\" id=\"interactive_map_1\" imap=\"1\"><\/div>\n<\/div>[\/et_pb_code][\/et_pb_column][\/et_pb_row][et_pb_row column_structure=&#8221;1_5,3_5,1_5&#8243; _builder_version=&#8221;4.4.0&#8243; custom_margin=&#8221;-53px|auto||auto||&#8221; custom_padding=&#8221;75px|||||&#8221;][et_pb_column type=&#8221;1_5&#8243; _builder_version=&#8221;4.4.0&#8243;][\/et_pb_column][et_pb_column type=&#8221;3_5&#8243; _builder_version=&#8221;4.4.0&#8243;][et_pb_text _builder_version=&#8221;4.9.0&#8243; text_font=&#8221;||||||||&#8221; text_text_color=&#8221;#72787a&#8221;]<\/p>\n<h3>Ehdotus:<\/h3>\n<p>Euroopan keskuspankkij\u00e4rjestelm\u00e4\u00e4n tulee perustaa pysyv\u00e4, voittomotiivista vapaa rahoitusj\u00e4rjestelm\u00e4 yrityksi\u00e4 varten. N\u00e4in varmistetaan, ett\u00e4 talous ei ole en\u00e4\u00e4 voittoa tavoittelevien investoijien armoilla. Osallistuvien yritysten tulisi saada korottomia lainoja mik\u00e4li ne toimivat yhteisty\u00f6ss\u00e4 kest\u00e4v\u00e4ll\u00e4 tavalla ihmisten hyvinvoinnin ja tarpeet t\u00e4ytt\u00e4en sek\u00e4 luontoa suojellen. Vastavuoroisesti yritykset v\u00e4litt\u00e4v\u00e4t rahan henkil\u00f6st\u00f6lle joko t\u00e4ysim\u00e4\u00e4r\u00e4isen\u00e4 tulona tai perustulon t\u00e4ydennyksen\u00e4. Ylij\u00e4\u00e4m\u00e4n ne k\u00e4ytt\u00e4v\u00e4t palvelemaan yhteist\u00e4 hyv\u00e4\u00e4. T\u00e4ll\u00e4 tavalla nekin yritykset, jotka t\u00e4ytt\u00e4v\u00e4t sosiaalisesti olennaisia teht\u00e4vi\u00e4 mutta jotka eiv\u00e4t voi tai joiden ei pit\u00e4isi maksaa lainoja takaisin omista tuloistaan, voivat tehd\u00e4 niin solidaarisuuden nojalla. Olemme siis luoneet konkreettisen, lainmukaisen ehdotuksen lis\u00e4yksest\u00e4 Euroopan keskuspankin peruss\u00e4\u00e4nt\u00f6\u00f6n.<\/p>\n<p>[\/et_pb_text][et_pb_button button_url=&#8221;\/fi\/vetoomus\/&#8221; button_text=&#8221;Allekirjoita vetoomuksemme nyt!&#8221; button_alignment=&#8221;center&#8221; _builder_version=&#8221;4.9.0&#8243; hover_enabled=&#8221;0&#8243; sticky_enabled=&#8221;0&#8243;][\/et_pb_button][et_pb_accordion open_toggle_text_color=&#8221;#e6160f&#8221; open_toggle_background_color=&#8221;rgba(0,0,0,0)&#8221; closed_toggle_background_color=&#8221;rgba(0,0,0,0)&#8221; icon_color=&#8221;#e84e0f&#8221; use_icon_font_size=&#8221;on&#8221; icon_font_size=&#8221;30px&#8221; _builder_version=&#8221;4.9.0&#8243; toggle_text_color=&#8221;#17428c&#8221; toggle_font=&#8221;|600|||||||&#8221; toggle_text_align=&#8221;center&#8221; toggle_font_size=&#8221;18px&#8221; border_width_all=&#8221;0px&#8221;][et_pb_accordion_item title=&#8221;Eurooppalaisen rahoitusaloitteen ehdottama lakimuutos&#8221; open=&#8221;on&#8221; _builder_version=&#8221;4.9.0&#8243;]<\/p>\n<p>Euroopan rahoitusaloite ehdottaa, ett\u00e4 seuraava momentti tulee lis\u00e4t\u00e4 Euroopan keskuspankkia koskevan lain artiklaan 18.1. Ehdotettu lis\u00e4ys kuuluu sanasta sanaan seuraavasti:<\/p>\n<p>\u201cTarkoituksena saavuttaa Euroopan keskuspankkij\u00e4rjestelm\u00e4n (EKPJ) tavoitteet ja toimia sille annettujen teht\u00e4vien mukaisesti, Euroopan Keskuspankki (EKP) ja kansalliset keskuspankit voivat [&#8230;] <em>solmia korottomia luottosopimuksia luottolaitosten ja muiden markkinaosapuolten kanssa, jotka tarjoavat yleisen taloudellisen edun mukaisia palveluita ja jotka j\u00e4rjest\u00e4v\u00e4t ty\u00f6ntekij\u00f6idens\u00e4 tulot kyseisen j\u00e4senmaan lains\u00e4\u00e4d\u00e4nn\u00f6n mukaisesti ja jotka luopuvat pysyv\u00e4sti voitoistaan tai siirt\u00e4v\u00e4t ylij\u00e4\u00e4m\u00e4t kokonaisuudessaan julkisiin rahavaroihin. Lainojen pit\u00e4\u00e4 perustua asianmukaisiin vakuuksiin.<\/em>\u201d<\/p>\n<p>Lakimuutoksen tavoitteena on siten varmistaa uudenlainen, vapaa rahoitus sellaisille yrityksille, jotka suuntautuvat tarveperustaisesti ja yhteisen hyv\u00e4n edist\u00e4miseen ja jotka t\u00e4ytt\u00e4v\u00e4t vaatimukset.<\/p>\n<p><span><\/span><\/p>\n<p>[\/et_pb_accordion_item][et_pb_accordion_item title=&#8221;Voittoa tavoittelemattoman rahoituksen ehdot&#8221; _builder_version=&#8221;4.9.0&#8243; open=&#8221;off&#8221;]<\/p>\n<p><strong>1.<\/strong> Kaiken l\u00e4ht\u00f6kohtana on yritystoiminnan itseymmm\u00e4rrys sen tarveperustaisuuteen ja yhteiseen hyv\u00e4\u00e4n sitoutumisesta. K\u00e4site &#8221;yleisen taloudellisen edun mukaiset palvelut&#8221; on per\u00e4isin EU-lains\u00e4\u00e4d\u00e4nn\u00f6st\u00e4. Sill\u00e4 viitataan maksua vastaan suoritettaviin peruspalveluihin, joiden kohdalla voidaan poiketa EU:n sis\u00e4markkina- ja kilpailus\u00e4\u00e4nn\u00f6ist\u00e4 ja jotka edist\u00e4v\u00e4t yleist\u00e4 etua. Euroopan rahoitusaloitteen n\u00e4k\u00f6kulmasta t\u00e4m\u00e4 sis\u00e4lt\u00e4\u00e4 lopulta kaiken taloudellisen toiminnan, jota eiv\u00e4t johda yksityiset intressit vaan jonka tavoitteena on ihmiskunnan ja luonnon tosiasiallisten tarpeiden t\u00e4ytt\u00e4minen sek\u00e4 julkisten teht\u00e4vien hoitaminen.<\/p>\n<p><strong>2.<\/strong> Toinen ehto uudenlaiselle rahoitukselle on yritysten tulonk\u00e4yt\u00f6n m\u00e4\u00e4ritt\u00e4minen julkisen lains\u00e4\u00e4d\u00e4nn\u00f6n piiriss\u00e4. T\u00e4ll\u00e4 pyrit\u00e4\u00e4n est\u00e4m\u00e4\u00e4n sek\u00e4 palkkojen polkeminen ett\u00e4 j\u00e4ttitulojen tienaaminen. Ehdon taustalla vaikuttaa my\u00f6s periaatteellinen n\u00e4kemys. Ty\u00f6 ei ole raaka-aine, joten \u201dtulo\u201d tulisi enenev\u00e4ss\u00e4 m\u00e4\u00e4rin ymm\u00e4rt\u00e4\u00e4 perus- ja ihmisoikeutena eik\u00e4 korvauksena markkinoiden k\u00e4ytt\u00e4m\u00e4st\u00e4 ty\u00f6voimasta. T\u00e4st\u00e4 n\u00e4k\u00f6kulmasta tulo on demokraattisen suunnittelun kohde.<\/p>\n<p><strong>3.<\/strong> Ehdotuksen avainkohta on pysyv\u00e4 voitoista pid\u00e4ttyminen. Yrityksen p\u00e4\u00e4t\u00f6ksen osallistua uudenlaiseen rahoitustoimintaan tulisi olla periaatteellinen. Siin\u00e4 on kyse vapaan yritt\u00e4jyyden kulttuurista, ei voitontavoittelusta. Ehdotettu koroton rahoitus mahdollistaa t\u00e4m\u00e4n p\u00e4\u00e4t\u00f6ksen tekemisen. Sen pit\u00e4isi my\u00f6s irrottaa yritykset investoijista ja n\u00e4iden intresseist\u00e4.<\/p>\n<p><span><\/span><\/p>\n<p>[\/et_pb_accordion_item][et_pb_accordion_item title=&#8221;Kuva rahan kierrosta&#8221; _builder_version=&#8221;4.9.0&#8243; open=&#8221;off&#8221;]<\/p>\n<p>Ehdotus kytkeytyy k\u00e4sitykseen, tiettyyn kuvaan rahan kierrosta. Yritysten toimintaan (jolla ei ole arvoa itsess\u00e4\u00e4n) tarvittava p\u00e4\u00e4oma voidaan antaa niille luottoina, joiden vakuutena on yritysten ja n\u00e4iden ty\u00f6ntekij\u00f6iden sitoumus tulevaisuuden arvonlis\u00e4ykseen. T\u00e4ss\u00e4 kuvattu luototus vastaa rahan luontia.<\/p>\n<p>Toisessa vaiheessa raha p\u00e4\u00e4tyy kuluttajien k\u00e4siin eli yritys v\u00e4litt\u00e4\u00e4 rahan sen henkil\u00f6st\u00f6lle tulona (\u201dkulutusp\u00e4\u00e4oma\u201d). Ty\u00f6njakoon perustuvassa talousel\u00e4m\u00e4ss\u00e4mme tulo mahdollistaa sosiaalisen osallistumisen ja n\u00e4in ollen my\u00f6s yksil\u00f6n osallistumisen talouteen. Lopulta raha voidaan k\u00e4ytt\u00e4\u00e4 tavaroiden ja palveluiden ostamiseen virraten siten takaisin yritykseen, joka voi maksaa luottonsa takaisin. Rahan kierto on sulkeutunut.<\/p>\n<p>Vallalla oleva tuottoa korostava talousajattelu ei ota huomioon sit\u00e4 tosiasiaa, etteiv\u00e4t kaikki talouden toimijat pysty sis\u00e4llytt\u00e4m\u00e4\u00e4n kulujaan lopputuotteisiin. Monilla aloilla t\u00e4m\u00e4 ei ole mahdollista. Esimerkkein\u00e4 voidaan mainita koulutus, tutkimus, terveydenhuolto, luonnonsuojelu, infrastruktuuri, yms. julkisin varoin rahoitetut palvelut, joiden on usein vaikea t\u00e4ytt\u00e4\u00e4 kysynt\u00e4 tuotto-odotusten paineessa.<\/p>\n<p>[\/et_pb_accordion_item][et_pb_accordion_item title=&#8221;Yli- ja alij\u00e4\u00e4mien tasapainottaminen&#8221; _builder_version=&#8221;4.9.0&#8243; open=&#8221;off&#8221;]<\/p>\n<p>Miten yritykset ja pankit, jotka haluavat tulevaisuudessa saada korotonta luottoa Euroopan keskuspankkij\u00e4rjestelm\u00e4lt\u00e4, voivat t\u00e4ytt\u00e4\u00e4 yll\u00e4 mainitut julkisen sektorin teht\u00e4v\u00e4t? Varmistamalla, ett\u00e4 tarvittava ty\u00f6n rahoitus ja kaikki investoinnit sis\u00e4llytet\u00e4\u00e4n hintoihin kokonaisuudessaan. Yli- ja alij\u00e4\u00e4m\u00e4t tasapainotetaan yhteenliittymien kautta. Toisin sanoin ei ole olennaista palautuuko raha takaisin sen lainanneeseen yritykseen. Ratkaisevaa on, ett\u00e4 se palautuu takaisin kokonaisuudessaan, jolloin kaikki lainat voidaan maksaa kokonaan takaisin. T\u00e4h\u00e4n me haluamme rohkaista ja t\u00e4t\u00e4 mahdollistaa: yhteenliittym\u00e4talous, joka tulee enenev\u00e4ss\u00e4 m\u00e4\u00e4rin kyvykk\u00e4\u00e4mm\u00e4ksi tosiasiallisten tarpeiden t\u00e4ytt\u00e4misess\u00e4.<\/p>\n<p><span><\/span><\/p>\n<p>[\/et_pb_accordion_item][et_pb_accordion_item title=&#8221;Talouden muotoaminen kokonaisuutena&#8221; _builder_version=&#8221;4.9.0&#8243; open=&#8221;off&#8221;]<\/p>\n<p>Ehdotuksemme vapaasta, voittoa tavoittelemattomasta rahoituksesta perustuu talouden kokonaisvaltaisen luonteen ymm\u00e4rt\u00e4miseen. Siin\u00e4 tulee yksitt\u00e4iset, konkreettiset p\u00e4\u00e4t\u00f6kset tehd\u00e4 yhteisen, verkostoituneen yhten\u00e4isen kokonaisuuden hahmottamisesta k\u00e4sin. T\u00e4m\u00e4 vaatimus ei johdu ainoastaan kest\u00e4m\u00e4tt\u00f6m\u00e4st\u00e4 ekologisesta tilanteesta, vaan perustuu moderniin, kaikista ihmisist\u00e4 huolehtivan talouden luonteeseen. T\u00e4n\u00e4 p\u00e4iv\u00e4n\u00e4 talous n\u00e4ytt\u00e4ytyy toisiinsa yhteydess\u00e4 olevien prosessien holistisena, globaalina organismina. Kaikki tarvitsemamme saavutetaan lopulta sill\u00e4 ty\u00f6ll\u00e4, jota teemme toisiamme varten, yhteisty\u00f6n kautta kokonaisuudesta k\u00e4sin.<\/p>\n<p>T\u00e4t\u00e4 kokonaisvaltaista muotoamista ei voida toteuttaa m\u00e4\u00e4r\u00e4yksin tai keskusjohtoisesti, vaan yhteisty\u00f6ss\u00e4 vuorovaikuttaen ja hajautetusti verkostoituen. Eurooppalainen rahoitusaloite nojaa my\u00f6s yritysten vapaaehtoiseen p\u00e4\u00e4t\u00f6ksentekoon talouden uudelle tielle l\u00e4htemisest\u00e4 ja vapaaseen rahoitukseen siirtymisest\u00e4.<\/p>\n<p>[\/et_pb_accordion_item][\/et_pb_accordion][et_pb_button button_url=&#8221;\/fi\/vetoomus\/&#8221; button_text=&#8221;Allekirjoita vetoomuksemme nyt!&#8221; button_alignment=&#8221;center&#8221; _builder_version=&#8221;4.9.0&#8243; hover_enabled=&#8221;0&#8243; sticky_enabled=&#8221;0&#8243;][\/et_pb_button][\/et_pb_column][et_pb_column type=&#8221;1_5&#8243; _builder_version=&#8221;4.4.0&#8243;][\/et_pb_column][\/et_pb_row][\/et_pb_section][et_pb_section fb_built=&#8221;1&#8243; _builder_version=&#8221;3.28&#8243; custom_padding=&#8221;||0px|||&#8221;][et_pb_row _builder_version=&#8221;3.28&#8243; custom_margin=&#8221;-52px|auto||auto||&#8221;][et_pb_column type=&#8221;4_4&#8243; _builder_version=&#8221;3.28&#8243;][et_pb_divider color=&#8221;#4d5b61&#8243; divider_position=&#8221;center&#8221; _builder_version=&#8221;3.28&#8243; custom_margin=&#8221;16px||23px|||&#8221;][\/et_pb_divider][\/et_pb_column][\/et_pb_row][\/et_pb_section][et_pb_section fb_built=&#8221;1&#8243; _builder_version=&#8221;3.28&#8243; custom_margin=&#8221;-33px|||||&#8221; custom_padding=&#8221;68px|||||&#8221; global_module=&#8221;438&#8243; saved_tabs=&#8221;all&#8221;][et_pb_row column_structure=&#8221;1_3,1_3,1_3&#8243; _builder_version=&#8221;3.28&#8243; custom_margin=&#8221;-46px|auto|-1px|auto||&#8221; custom_padding=&#8221;0px||0px|||&#8221;][et_pb_column type=&#8221;1_3&#8243; _builder_version=&#8221;3.28&#8243;][et_pb_text _builder_version=&#8221;4.9.0&#8243; custom_margin=&#8221;12px||||false|false&#8221;]<\/p>\n<p>Internationales Kulturzentrum Achberg e.V.<br \/>Panoramastra\u00dfe 30<br \/>88147 Achberg<br \/>SAKSA<\/p>\n<p>+49 8380 500<\/p>\n<p>IBAN: DE88 4306 0967 8233 3668 00<br \/>GENODEM1GLS<\/p>\n<p>[\/et_pb_text][et_pb_text _builder_version=&#8221;3.28&#8243; custom_margin=&#8221;-12px||||false|false&#8221;]<\/p>\n<p><span><a href=\"mailto:info@creditinitiative.eu \">info@creditinitiative.eu<br \/> <\/a><\/span><span><a href=\"http:\/\/www.creditinitiative.eu \">www.creditinitiative.eu<\/a><\/span><\/p>\n<p><span><\/span><\/p>\n<p><span><\/span><\/p>\n<p>[\/et_pb_text][\/et_pb_column][et_pb_column type=&#8221;1_3&#8243; _builder_version=&#8221;3.28&#8243;][et_pb_text _builder_version=&#8221;4.9.0&#8243; custom_margin=&#8221;12px||||false|false&#8221;]<\/p>\n<p>Initiativ-Gesellschaft EuroVision<br \/>Brantinggasse 61<br \/>1100 Wien<br \/>IT\u00c4VALTA<\/p>\n<p>+43 650 941 32 64<\/p>\n<p>IBAN: AT09 6000 0000 9217 9671<br \/>BIC: OPSKATWW<\/p>\n<p>[\/et_pb_text][et_pb_text _builder_version=&#8221;4.9.0&#8243; custom_margin=&#8221;-12px||||false|false&#8221; custom_padding=&#8221;||||false|false&#8221;]<\/p>\n<p><span style=\"font-size: 15px;\">Yhteyshenkil\u00f6t:<br \/><\/span><span style=\"font-size: 15px;\">Gerhard Schuster ja Daniel Schily<\/span><\/p>\n<p>&nbsp;<\/p>\n<p>[\/et_pb_text][\/et_pb_column][et_pb_column type=&#8221;1_3&#8243; _builder_version=&#8221;3.28&#8243;][et_pb_sidebar area=&#8221;et_pb_widget_area_1&#8243; show_border=&#8221;off&#8221; _builder_version=&#8221;3.28&#8243; custom_margin=&#8221;-18px|3px|||false|false&#8221;][\/et_pb_sidebar][\/et_pb_column][\/et_pb_row][et_pb_row column_structure=&#8221;3_5,2_5&#8243; _builder_version=&#8221;3.28&#8243; custom_margin=&#8221;-22px|auto|-57px|auto||&#8221; custom_padding=&#8221;||1px|||&#8221;][et_pb_column type=&#8221;3_5&#8243; _builder_version=&#8221;3.28&#8243;][et_pb_text _builder_version=&#8221;4.9.0&#8243; custom_margin=&#8221;-8px||||false|false&#8221;]<\/p>\n<div>\n<p>\u00a9\u00a02021 | Internationales Kulturzentrum Achberg &amp; IG-EuroVision | <a title=\"Impressum\" href=\"\/impressum\">Impressum<\/a>\u00a0| <a title=\"Datenschutz\" href=\"\/datenschutz\">Datenschutz<\/a><\/p>\n<\/div>\n<p>[\/et_pb_text][\/et_pb_column][et_pb_column type=&#8221;2_5&#8243; _builder_version=&#8221;3.28&#8243;][et_pb_text _builder_version=&#8221;4.4.0&#8243; transform_scale_last_edited=&#8221;off|desktop&#8221; transform_translate_last_edited=&#8221;off|desktop&#8221; transform_rotate_last_edited=&#8221;off|desktop&#8221; transform_skew_last_edited=&#8221;off|desktop&#8221; transform_origin_last_edited=&#8221;off|desktop&#8221; transform_styles_last_edited=&#8221;off|desktop&#8221; text_orientation=&#8221;right&#8221; custom_margin=&#8221;-10px||||false|false&#8221; text_font_size_tablet=&#8221;&#8221; text_font_size_phone=&#8221;7px&#8221; text_font_size_last_edited=&#8221;on|phone&#8221; text_orientation_tablet=&#8221;&#8221; text_orientation_phone=&#8221;left&#8221; text_orientation_last_edited=&#8221;on|phone&#8221;]<\/p>\n<p><a href=\"https:\/\/www.facebook.com\/credit.initiative\" target=\"_blank\" rel=\"noopener noreferrer\"><img loading=\"lazy\" decoding=\"async\" src=\"https:\/\/www.creditinitiative.eu\/wp-content\/uploads\/facebook.png\" width=\"88\" height=\"23\" alt=\"\" class=\"wp-image-65 alignnone size-full\" \/><\/a>\u00a0 \u00a0 \u00a0<a href=\"https:\/\/twitter.com\/credit_eci\" target=\"_blank\" rel=\"noopener noreferrer\" title=\"Twitter\"><img loading=\"lazy\" decoding=\"async\" src=\"https:\/\/www.creditinitiative.eu\/wp-content\/uploads\/twitter.png\" width=\"27\" height=\"22\" alt=\"\" class=\"wp-image-83 alignnone size-full\" \/><\/a> \u00a0 \u00a0 \u00a0<a href=\"http:\/\/www.youtube.com\/c\/europe2019net\" target=\"_blank\" rel=\"noopener noreferrer\" title=\"YouTube\"><img loading=\"lazy\" decoding=\"async\" src=\"https:\/\/www.creditinitiative.eu\/wp-content\/uploads\/youtube.png\" width=\"53\" height=\"22\" alt=\"\" class=\"wp-image-85 alignnone size-full\" \/><\/a>\u00a0 \u00a0 \u00a0\u00a0<a href=\"https:\/\/soundcloud.com\/credit-initiative\" target=\"_blank\" rel=\"noopener noreferrer\" title=\"Soundcloud\"><img loading=\"lazy\" decoding=\"async\" src=\"https:\/\/www.creditinitiative.eu\/wp-content\/uploads\/soundcloud.png\" width=\"37\" height=\"21\" alt=\"\" class=\"wp-image-81 alignnone size-full\" \/><\/a>\u00a0 \u00a0 \u00a0\u00a0<a href=\"https:\/\/www.flickr.com\/photos\/europe2019\" target=\"_blank\" rel=\"noopener noreferrer\" title=\"Flickr\"><img loading=\"lazy\" decoding=\"async\" src=\"https:\/\/www.creditinitiative.eu\/wp-content\/uploads\/flickr.png\" width=\"64\" height=\"19\" alt=\"\" class=\"wp-image-67 alignnone size-full\" \/><\/a><\/p>\n<p>[\/et_pb_text][\/et_pb_column][\/et_pb_row][\/et_pb_section]<\/p>\n","protected":false},"excerpt":{"rendered":"<p>#economyforfuture EUROOPPALAISEN RAHOITUSALOITTEEN LAKIALOITEja sen tausta<!-- Chart Action CSS -->\r\n<style type=\"text\/css\">\r\n\t#imap_2 {\n \n}<\/style>\r\n\r\n<!-- Chart Action HTML -->\r\n<div id=\"imap_2\">\n  <div class=\"interactive_map_finder\" id=\"interactive_map_2\" imap=\"2\"><\/div>\n<\/div>Ehdotus: Euroopan keskuspankkij\u00e4rjestelm\u00e4\u00e4n tulee perustaa pysyv\u00e4, voittomotiivista vapaa rahoitusj\u00e4rjestelm\u00e4 yrityksi\u00e4 varten. N\u00e4in varmistetaan, ett\u00e4 talous ei ole en\u00e4\u00e4 voittoa tavoittelevien investoijien armoilla. Osallistuvien yritysten tulisi saada korottomia lainoja mik\u00e4li ne toimivat yhteisty\u00f6ss\u00e4 kest\u00e4v\u00e4ll\u00e4 tavalla ihmisten hyvinvoinnin ja tarpeet t\u00e4ytt\u00e4en sek\u00e4 luontoa suojellen. Vastavuoroisesti yritykset v\u00e4litt\u00e4v\u00e4t rahan henkil\u00f6st\u00f6lle joko t\u00e4ysim\u00e4\u00e4r\u00e4isen\u00e4 [&hellip;]<\/p>\n","protected":false},"author":1,"featured_media":0,"parent":0,"menu_order":0,"comment_status":"closed","ping_status":"closed","template":"","meta":{"_et_pb_use_builder":"on","_et_pb_old_content":"","_et_gb_content_width":"","footnotes":"","_links_to":"","_links_to_target":""},"class_list":["post-1371","page","type-page","status-publish","hentry"],"_links":{"self":[{"href":"https:\/\/www.creditinitiative.eu\/fi\/wp-json\/wp\/v2\/pages\/1371","targetHints":{"allow":["GET"]}}],"collection":[{"href":"https:\/\/www.creditinitiative.eu\/fi\/wp-json\/wp\/v2\/pages"}],"about":[{"href":"https:\/\/www.creditinitiative.eu\/fi\/wp-json\/wp\/v2\/types\/page"}],"author":[{"embeddable":true,"href":"https:\/\/www.creditinitiative.eu\/fi\/wp-json\/wp\/v2\/users\/1"}],"replies":[{"embeddable":true,"href":"https:\/\/www.creditinitiative.eu\/fi\/wp-json\/wp\/v2\/comments?post=1371"}],"version-history":[{"count":6,"href":"https:\/\/www.creditinitiative.eu\/fi\/wp-json\/wp\/v2\/pages\/1371\/revisions"}],"predecessor-version":[{"id":1468,"href":"https:\/\/www.creditinitiative.eu\/fi\/wp-json\/wp\/v2\/pages\/1371\/revisions\/1468"}],"wp:attachment":[{"href":"https:\/\/www.creditinitiative.eu\/fi\/wp-json\/wp\/v2\/media?parent=1371"}],"curies":[{"name":"wp","href":"https:\/\/api.w.org\/{rel}","templated":true}]}}