{"id":1331,"date":"2020-03-12T22:42:06","date_gmt":"2020-03-12T22:42:06","guid":{"rendered":"https:\/\/www.creditinitiative.eu\/start\/"},"modified":"2021-02-24T12:26:58","modified_gmt":"2021-02-24T12:26:58","slug":"start","status":"publish","type":"page","link":"https:\/\/www.creditinitiative.eu\/fi\/","title":{"rendered":"Etusivu"},"content":{"rendered":"<p>[et_pb_section fb_built=&#8221;1&#8243; _builder_version=&#8221;3.28&#8243; min_height=&#8221;315px&#8221; custom_margin=&#8221;||-13px|||&#8221; custom_padding=&#8221;0px||5px|||&#8221;][et_pb_row column_structure=&#8221;1_2,1_2&#8243; _builder_version=&#8221;3.28&#8243; custom_margin=&#8221;|auto|30px|auto||&#8221; custom_padding=&#8221;0px||0px|||&#8221;][et_pb_column type=&#8221;1_2&#8243; _builder_version=&#8221;3.28&#8243;][et_pb_text _builder_version=&#8221;4.9.0&#8243; header_font=&#8221;|||on|||||&#8221; header_text_color=&#8221;#65b32e&#8221; custom_margin=&#8221;||-53px|||&#8221; custom_padding=&#8221;85px||0px|||&#8221; header_font_size_tablet=&#8221;&#8221; header_font_size_phone=&#8221;17px&#8221; header_font_size_last_edited=&#8221;on|phone&#8221; header_5_font_size_tablet=&#8221;&#8221; header_5_font_size_phone=&#8221;12px&#8221; header_5_font_size_last_edited=&#8221;on|phone&#8221;]<\/p>\n<p>#economyforfuture<\/p>\n<h1>UUDEN TALOUTTA JA RAHAA KOSKEVAN L\u00c4HESTYMISTAVAN PUOLESTA<\/h1>\n<h1><\/h1>\n<p>[\/et_pb_text][et_pb_text _builder_version=&#8221;4.9.0&#8243; header_font=&#8221;|||on|||||&#8221; header_text_align=&#8221;left&#8221; header_5_font=&#8221;Swanky and Moo Moo|700|on||||||&#8221; header_5_text_align=&#8221;right&#8221; header_5_text_color=&#8221;#e6160f&#8221; header_5_font_size=&#8221;35px&#8221; transform_rotate=&#8221;0deg|0deg|356deg&#8221; width=&#8221;115.5%&#8221; custom_margin=&#8221;-16px|-55px|||false|false&#8221; custom_margin_tablet=&#8221;&#8221; custom_margin_phone=&#8221;0px|0px|0px|0px|false|false&#8221; custom_margin_last_edited=&#8221;on|desktop&#8221; custom_padding=&#8221;18px|0px|0px|0px|false|false&#8221; header_text_align_phone=&#8221;center&#8221; header_text_align_last_edited=&#8221;off|desktop&#8221; header_5_text_align_tablet=&#8221;&#8221; header_5_text_align_phone=&#8221;center&#8221; header_5_text_align_last_edited=&#8221;on|phone&#8221; header_5_text_color_tablet=&#8221;&#8221; header_5_text_color_phone=&#8221;&#8221; header_5_text_color_last_edited=&#8221;on|desktop&#8221; header_5_font_size_tablet=&#8221;&#8221; header_5_font_size_phone=&#8221;22px&#8221; header_5_font_size_last_edited=&#8221;on|desktop&#8221;]<\/p>\n<h5>Ekologisesti ja sosiaalisesti kest\u00e4v\u00e4!<\/h5>\n<p>[\/et_pb_text][\/et_pb_column][et_pb_column type=&#8221;1_2&#8243; _builder_version=&#8221;3.28&#8243;][et_pb_code disabled_on=&#8221;on|off|off&#8221; _builder_version=&#8221;3.28&#8243; width=&#8221;92.2%&#8221; custom_margin=&#8221;-110px||-50px|80px|false|false&#8221; custom_padding=&#8221;|0px|||false|false&#8221;]<!-- Chart Action CSS -->\r\n<style type=\"text\/css\">\r\n\t#imap_1 {\n \n}<\/style>\r\n\r\n<!-- Chart Action HTML -->\r\n<div id=\"imap_1\">\n  <div class=\"interactive_map_finder\" id=\"interactive_map_1\" imap=\"1\"><\/div>\n<\/div>[\/et_pb_code][\/et_pb_column][\/et_pb_row][et_pb_row column_structure=&#8221;1_2,1_2&#8243; _builder_version=&#8221;3.28&#8243; custom_padding=&#8221;0px||0px|||&#8221;][et_pb_column type=&#8221;1_2&#8243; _builder_version=&#8221;3.28&#8243;][et_pb_text _builder_version=&#8221;4.9.0&#8243; header_font=&#8221;|||on|||||&#8221; header_text_color=&#8221;#65b32e&#8221; header_3_text_color=&#8221;#17428c&#8221; custom_padding=&#8221;0px|||||&#8221;]<\/p>\n<p>Tarvitsemme selkeit\u00e4 suuntaviivoja muutokseen ymp\u00e4rist\u00f6katastrofien ja globaalin eriarvoisuuden uhatessa tulevaisuuttamme.<\/p>\n<p>Kriisien juurisyyt l\u00f6ytyv\u00e4t pitk\u00e4lti talousel\u00e4m\u00e4n ja rahan piirist\u00e4.<\/p>\n<p>Yksinkertainen kysymys kuuluu: Jatkammeko investointeja pelk\u00e4st\u00e4\u00e4n tuotto- ja kasvuodotuksin? Vai ymm\u00e4rr\u00e4mmek\u00f6 talouden sosiaalisen ja itse asiassa hyvin ilmeisen teht\u00e4v\u00e4n ihmisen ja luonnon tarpeiden t\u00e4ytt\u00e4misess\u00e4?<\/p>\n<p><strong>Eurooppalainen rahoitusaloite (European Credit Initiative) tuo uuden n\u00e4k\u00f6kulman: tuottomotiivista vapaan yhteenliittym\u00e4talouden. Konkreettisena ensiaskeleena ehdotamme lis\u00e4yst\u00e4 Euroopan keskuspankin s\u00e4\u00e4d\u00f6sperustaan.<\/strong><\/p>\n<p><strong><\/strong><\/p>\n<p>[\/et_pb_text][\/et_pb_column][et_pb_column type=&#8221;1_2&#8243; _builder_version=&#8221;3.28&#8243;][et_pb_text _builder_version=&#8221;4.9.0&#8243; text_font=&#8221;||||||||&#8221; text_text_color=&#8221;#17428c&#8221; text_font_size=&#8221;20px&#8221; header_font=&#8221;|||on|||||&#8221; header_text_color=&#8221;#65b32e&#8221; header_3_text_color=&#8221;#17428c&#8221; text_orientation=&#8221;center&#8221; width=&#8221;85%&#8221; max_width=&#8221;100%&#8221; module_alignment=&#8221;center&#8221; custom_padding=&#8221;1px|||||&#8221;]<\/p>\n<p>Toimiakseen kest\u00e4v\u00e4sti ja yhteiseen hyv\u00e4\u00e4n sitoutuneena yritykset tarvitsevat voitontavoittelusta vapaata rahoitusta.<\/p>\n<p>Tule mukaan tukemaan Euroopan laajuista, yh\u00e4 rakentuvaa aloitettamme alkusys\u00e4yksen\u00e4 Eurooppalaiselle kansalaisaloitteelle!<\/p>\n<p>[\/et_pb_text][et_pb_button button_url=&#8221;\/fi\/vetoomus\/&#8221; button_text=&#8221;Allekirjoita nyt&#8221; button_alignment=&#8221;center&#8221; _builder_version=&#8221;4.9.0&#8243; button_text_size=&#8221;19px&#8221; button_border_width=&#8221;2px&#8221; button_border_radius=&#8221;58px&#8221; button_letter_spacing=&#8221;0px&#8221; button_font=&#8221;|||on|||||&#8221; hover_enabled=&#8221;0&#8243; sticky_enabled=&#8221;0&#8243;][\/et_pb_button][\/et_pb_column][\/et_pb_row][\/et_pb_section][et_pb_section fb_built=&#8221;1&#8243; _builder_version=&#8221;3.28&#8243; custom_padding=&#8221;||0px|||&#8221;][et_pb_row _builder_version=&#8221;3.28&#8243; custom_margin=&#8221;|auto|-16px|auto||&#8221; custom_padding=&#8221;0px||0px|||&#8221;][et_pb_column type=&#8221;4_4&#8243; _builder_version=&#8221;3.28&#8243;][et_pb_text _builder_version=&#8221;4.9.0&#8243; custom_padding=&#8221;||0px|||&#8221;]<\/p>\n<h2 style=\"text-align: center;\">Ajankohtaista kampanjasta<\/h2>\n<p>[\/et_pb_text][\/et_pb_column][\/et_pb_row][et_pb_row column_structure=&#8221;1_3,1_3,1_3&#8243; _builder_version=&#8221;3.28&#8243; min_height=&#8221;492px&#8221; custom_margin=&#8221;-17px|auto||auto||&#8221; custom_padding=&#8221;0px|||||&#8221;][et_pb_column type=&#8221;1_3&#8243; _builder_version=&#8221;3.28&#8243;][et_pb_blog fullwidth=&#8221;off&#8221; posts_number=&#8221;1 &#8221; include_categories=&#8221;all,current,27,29,31,30,28,2,32&#8243; meta_date=&#8221;j. F Y&#8221; excerpt_length=&#8221;150&#8243; show_more=&#8221;on&#8221; show_author=&#8221;off&#8221; show_pagination=&#8221;off&#8221; masonry_tile_background_color=&#8221;#dbeaff&#8221; admin_label=&#8221;Aktuelles&#8221; _builder_version=&#8221;4.4.1&#8243; header_text_color=&#8221;#4d5b61&#8243; body_line_height=&#8221;1.3em&#8221; meta_text_color=&#8221;#4d5b61&#8243; meta_font_size=&#8221;15px&#8221; read_more_font=&#8221;||||||||&#8221; read_more_text_color=&#8221;#17428c&#8221; text_orientation=&#8221;left&#8221; custom_margin=&#8221;||||false|false&#8221; border_width_all=&#8221;0px&#8221;][\/et_pb_blog][\/et_pb_column][et_pb_column type=&#8221;1_3&#8243; _builder_version=&#8221;3.28&#8243;][et_pb_blog fullwidth=&#8221;off&#8221; posts_number=&#8221;1 &#8221; include_categories=&#8221;all,current,27,29,31,30,28,2,32&#8243; meta_date=&#8221;j. F Y&#8221; excerpt_length=&#8221;150&#8243; show_more=&#8221;on&#8221; show_author=&#8221;off&#8221; show_pagination=&#8221;off&#8221; offset_number=&#8221;1&#8243; masonry_tile_background_color=&#8221;#caedc4&#8243; admin_label=&#8221;Aktuelles&#8221; _builder_version=&#8221;4.4.1&#8243; header_text_color=&#8221;#4d5b61&#8243; body_text_color=&#8221;#4d5b61&#8243; body_line_height=&#8221;1.3em&#8221; meta_text_color=&#8221;#4d5b61&#8243; meta_font_size=&#8221;15px&#8221; read_more_font=&#8221;||||||||&#8221; read_more_text_color=&#8221;#17428c&#8221; text_orientation=&#8221;left&#8221; custom_margin=&#8221;||||false|false&#8221; border_width_all=&#8221;0px&#8221;][\/et_pb_blog][\/et_pb_column][et_pb_column type=&#8221;1_3&#8243; _builder_version=&#8221;3.28&#8243;][et_pb_blog fullwidth=&#8221;off&#8221; posts_number=&#8221;1 &#8221; include_categories=&#8221;all,current,27,29,31,30,28,2,32&#8243; meta_date=&#8221;j. F Y&#8221; excerpt_length=&#8221;150&#8243; show_more=&#8221;on&#8221; show_author=&#8221;off&#8221; show_pagination=&#8221;off&#8221; offset_number=&#8221;2&#8243; masonry_tile_background_color=&#8221;#f6e8d5&#8243; admin_label=&#8221;Aktuelles&#8221; _builder_version=&#8221;4.4.1&#8243; header_text_color=&#8221;#4d5b61&#8243; body_line_height=&#8221;1.3em&#8221; meta_text_color=&#8221;#4d5b61&#8243; meta_font_size=&#8221;15px&#8221; read_more_font=&#8221;||||||||&#8221; read_more_text_color=&#8221;#17428c&#8221; text_orientation=&#8221;left&#8221; custom_margin=&#8221;||||false|false&#8221; border_width_all=&#8221;0px&#8221;][\/et_pb_blog][\/et_pb_column][\/et_pb_row][et_pb_row _builder_version=&#8221;3.28&#8243; custom_margin=&#8221;-52px|auto||auto||&#8221;][et_pb_column type=&#8221;4_4&#8243; _builder_version=&#8221;3.28&#8243;][et_pb_divider color=&#8221;#4d5b61&#8243; divider_position=&#8221;center&#8221; _builder_version=&#8221;3.28&#8243;][\/et_pb_divider][\/et_pb_column][\/et_pb_row][\/et_pb_section][et_pb_section fb_built=&#8221;1&#8243; _builder_version=&#8221;3.28&#8243; custom_margin=&#8221;-33px|||||&#8221; custom_padding=&#8221;68px|||||&#8221; global_module=&#8221;1360&#8243; saved_tabs=&#8221;all&#8221;][et_pb_row column_structure=&#8221;1_3,1_3,1_3&#8243; _builder_version=&#8221;3.28&#8243; custom_margin=&#8221;-46px|auto|-1px|auto||&#8221; custom_padding=&#8221;0px||0px|||&#8221;][et_pb_column type=&#8221;1_3&#8243; _builder_version=&#8221;3.28&#8243;][et_pb_text _builder_version=&#8221;4.9.0&#8243; custom_margin=&#8221;12px||||false|false&#8221;]<\/p>\n<p>Internationales Kulturzentrum Achberg e.V.<br \/>Panoramastra\u00dfe 30<br \/>88147 Achberg<br \/>SAKSA<\/p>\n<p>+49 8380 500<\/p>\n<p>IBAN: DE88 4306 0967 8233 3668 00<br \/>GENODEM1GLS<\/p>\n<p>[\/et_pb_text][et_pb_text _builder_version=&#8221;3.28&#8243; custom_margin=&#8221;-12px||||false|false&#8221;]<\/p>\n<p><span><a href=\"mailto:info@creditinitiative.eu \">info@creditinitiative.eu<br \/> <\/a><\/span><span><a href=\"http:\/\/www.creditinitiative.eu \">www.creditinitiative.eu<\/a><\/span><\/p>\n<p><span><\/span><\/p>\n<p><span><\/span><\/p>\n<p>[\/et_pb_text][\/et_pb_column][et_pb_column type=&#8221;1_3&#8243; _builder_version=&#8221;3.28&#8243;][et_pb_text _builder_version=&#8221;4.9.0&#8243; custom_margin=&#8221;12px||||false|false&#8221;]<\/p>\n<p>Initiativ-Gesellschaft EuroVision<br \/>Brantinggasse 61<br \/>1100 Wien<br \/>IT\u00c4VALTA<\/p>\n<p>+43 650 941 32 64<\/p>\n<p>IBAN: AT09 6000 0000 9217 9671<br \/>BIC: OPSKATWW<\/p>\n<p>[\/et_pb_text][et_pb_text _builder_version=&#8221;4.9.0&#8243; custom_margin=&#8221;-12px||||false|false&#8221; custom_padding=&#8221;||||false|false&#8221;]<\/p>\n<p><span style=\"font-size: 15px;\">Yhteyshenkil\u00f6t:<br \/><\/span><span style=\"font-size: 15px;\">Gerhard Schuster ja Daniel Schily<\/span><\/p>\n<p>&nbsp;<\/p>\n<p>[\/et_pb_text][\/et_pb_column][et_pb_column type=&#8221;1_3&#8243; _builder_version=&#8221;3.28&#8243;][et_pb_sidebar area=&#8221;et_pb_widget_area_1&#8243; show_border=&#8221;off&#8221; _builder_version=&#8221;3.28&#8243; custom_margin=&#8221;-18px|3px|||false|false&#8221;][\/et_pb_sidebar][\/et_pb_column][\/et_pb_row][et_pb_row column_structure=&#8221;3_5,2_5&#8243; _builder_version=&#8221;3.28&#8243; custom_margin=&#8221;-22px|auto|-57px|auto||&#8221; custom_padding=&#8221;||1px|||&#8221;][et_pb_column type=&#8221;3_5&#8243; _builder_version=&#8221;3.28&#8243;][et_pb_text _builder_version=&#8221;4.9.0&#8243; custom_margin=&#8221;-8px||||false|false&#8221;]<\/p>\n<div>\n<p>\u00a9\u00a02021 | Internationales Kulturzentrum Achberg &amp; IG-EuroVision | <a title=\"Impressum\" href=\"\/impressum\">Impressum<\/a>\u00a0| <a title=\"Datenschutz\" href=\"\/datenschutz\">Datenschutz<\/a><\/p>\n<\/div>\n<p>[\/et_pb_text][\/et_pb_column][et_pb_column type=&#8221;2_5&#8243; _builder_version=&#8221;3.28&#8243;][et_pb_text _builder_version=&#8221;4.4.0&#8243; transform_scale_last_edited=&#8221;off|desktop&#8221; transform_translate_last_edited=&#8221;off|desktop&#8221; transform_rotate_last_edited=&#8221;off|desktop&#8221; transform_skew_last_edited=&#8221;off|desktop&#8221; transform_origin_last_edited=&#8221;off|desktop&#8221; transform_styles_last_edited=&#8221;off|desktop&#8221; text_orientation=&#8221;right&#8221; custom_margin=&#8221;-10px||||false|false&#8221; text_font_size_tablet=&#8221;&#8221; text_font_size_phone=&#8221;7px&#8221; text_font_size_last_edited=&#8221;on|phone&#8221; text_orientation_tablet=&#8221;&#8221; text_orientation_phone=&#8221;left&#8221; text_orientation_last_edited=&#8221;on|phone&#8221;]<\/p>\n<p><a href=\"https:\/\/www.facebook.com\/credit.initiative\" target=\"_blank\" rel=\"noopener noreferrer\"><img loading=\"lazy\" decoding=\"async\" src=\"https:\/\/www.creditinitiative.eu\/wp-content\/uploads\/facebook.png\" width=\"88\" height=\"23\" alt=\"\" class=\"wp-image-65 alignnone size-full\" \/><\/a>\u00a0 \u00a0 \u00a0<a href=\"https:\/\/twitter.com\/credit_eci\" target=\"_blank\" rel=\"noopener noreferrer\" title=\"Twitter\"><img loading=\"lazy\" decoding=\"async\" src=\"https:\/\/www.creditinitiative.eu\/wp-content\/uploads\/twitter.png\" width=\"27\" height=\"22\" alt=\"\" class=\"wp-image-83 alignnone size-full\" \/><\/a> \u00a0 \u00a0 \u00a0<a href=\"http:\/\/www.youtube.com\/c\/europe2019net\" target=\"_blank\" rel=\"noopener noreferrer\" title=\"YouTube\"><img loading=\"lazy\" decoding=\"async\" src=\"https:\/\/www.creditinitiative.eu\/wp-content\/uploads\/youtube.png\" width=\"53\" height=\"22\" alt=\"\" class=\"wp-image-85 alignnone size-full\" \/><\/a>\u00a0 \u00a0 \u00a0\u00a0<a href=\"https:\/\/soundcloud.com\/credit-initiative\" target=\"_blank\" rel=\"noopener noreferrer\" title=\"Soundcloud\"><img loading=\"lazy\" decoding=\"async\" src=\"https:\/\/www.creditinitiative.eu\/wp-content\/uploads\/soundcloud.png\" width=\"37\" height=\"21\" alt=\"\" class=\"wp-image-81 alignnone size-full\" \/><\/a>\u00a0 \u00a0 \u00a0\u00a0<a href=\"https:\/\/www.flickr.com\/photos\/europe2019\" target=\"_blank\" rel=\"noopener noreferrer\" title=\"Flickr\"><img loading=\"lazy\" decoding=\"async\" src=\"https:\/\/www.creditinitiative.eu\/wp-content\/uploads\/flickr.png\" width=\"64\" height=\"19\" alt=\"\" class=\"wp-image-67 alignnone size-full\" \/><\/a><\/p>\n<p>[\/et_pb_text][\/et_pb_column][\/et_pb_row][\/et_pb_section]<\/p>\n","protected":false},"excerpt":{"rendered":"<p>#economyforfuture UUDEN TALOUTTA JA RAHAA KOSKEVAN L\u00c4HESTYMISTAVAN PUOLESTA Ekologisesti ja sosiaalisesti kest\u00e4v\u00e4!<!-- Chart Action CSS -->\r\n<style type=\"text\/css\">\r\n\t#imap_2 {\n \n}<\/style>\r\n\r\n<!-- Chart Action HTML -->\r\n<div id=\"imap_2\">\n  <div class=\"interactive_map_finder\" id=\"interactive_map_2\" imap=\"2\"><\/div>\n<\/div>Tarvitsemme selkeit\u00e4 suuntaviivoja muutokseen ymp\u00e4rist\u00f6katastrofien ja globaalin eriarvoisuuden uhatessa tulevaisuuttamme. Kriisien juurisyyt l\u00f6ytyv\u00e4t pitk\u00e4lti talousel\u00e4m\u00e4n ja rahan piirist\u00e4. Yksinkertainen kysymys kuuluu: Jatkammeko investointeja pelk\u00e4st\u00e4\u00e4n tuotto- ja kasvuodotuksin? Vai ymm\u00e4rr\u00e4mmek\u00f6 talouden sosiaalisen ja itse asiassa hyvin ilmeisen teht\u00e4v\u00e4n ihmisen ja luonnon tarpeiden t\u00e4ytt\u00e4misess\u00e4? Eurooppalainen [&hellip;]<\/p>\n","protected":false},"author":1,"featured_media":0,"parent":0,"menu_order":0,"comment_status":"closed","ping_status":"closed","template":"","meta":{"_et_pb_use_builder":"on","_et_pb_old_content":"","_et_gb_content_width":"","footnotes":"","_links_to":"","_links_to_target":""},"class_list":["post-1331","page","type-page","status-publish","hentry"],"_links":{"self":[{"href":"https:\/\/www.creditinitiative.eu\/fi\/wp-json\/wp\/v2\/pages\/1331","targetHints":{"allow":["GET"]}}],"collection":[{"href":"https:\/\/www.creditinitiative.eu\/fi\/wp-json\/wp\/v2\/pages"}],"about":[{"href":"https:\/\/www.creditinitiative.eu\/fi\/wp-json\/wp\/v2\/types\/page"}],"author":[{"embeddable":true,"href":"https:\/\/www.creditinitiative.eu\/fi\/wp-json\/wp\/v2\/users\/1"}],"replies":[{"embeddable":true,"href":"https:\/\/www.creditinitiative.eu\/fi\/wp-json\/wp\/v2\/comments?post=1331"}],"version-history":[{"count":5,"href":"https:\/\/www.creditinitiative.eu\/fi\/wp-json\/wp\/v2\/pages\/1331\/revisions"}],"predecessor-version":[{"id":1466,"href":"https:\/\/www.creditinitiative.eu\/fi\/wp-json\/wp\/v2\/pages\/1331\/revisions\/1466"}],"wp:attachment":[{"href":"https:\/\/www.creditinitiative.eu\/fi\/wp-json\/wp\/v2\/media?parent=1331"}],"curies":[{"name":"wp","href":"https:\/\/api.w.org\/{rel}","templated":true}]}}