{"id":714,"date":"2020-03-12T09:46:27","date_gmt":"2020-03-12T09:46:27","guid":{"rendered":"https:\/\/www.creditinitiative.eu\/?page_id=714"},"modified":"2021-12-20T21:13:59","modified_gmt":"2021-12-20T21:13:59","slug":"ueber-uns","status":"publish","type":"page","link":"https:\/\/www.creditinitiative.eu\/de\/ueber-uns\/","title":{"rendered":"\u00dcber uns"},"content":{"rendered":"<p>[et_pb_section fb_built=&#8220;1&#8243; _builder_version=&#8220;3.28&#8243; min_height=&#8220;315px&#8220; custom_margin=&#8220;||-13px|||&#8220; custom_padding=&#8220;0px||5px|||&#8220;][et_pb_row column_structure=&#8220;1_2,1_2&#8243; _builder_version=&#8220;3.28&#8243; custom_margin=&#8220;|auto|30px|auto||&#8220; custom_padding=&#8220;0px||0px|||&#8220;][et_pb_column type=&#8220;1_2&#8243; _builder_version=&#8220;3.28&#8243;][et_pb_text _builder_version=&#8220;3.28&#8243; header_font=&#8220;|||on|||||&#8220; header_text_color=&#8220;#65b32e&#8220; custom_margin=&#8220;||-53px|||&#8220; custom_padding=&#8220;85px||0px|||&#8220; header_font_size_tablet=&#8220;&#8220; header_font_size_phone=&#8220;17px&#8220; header_font_size_last_edited=&#8220;on|phone&#8220; header_5_font_size_tablet=&#8220;&#8220; header_5_font_size_phone=&#8220;12px&#8220; header_5_font_size_last_edited=&#8220;on|phone&#8220;]<\/p>\n<p>#economyforfuture<\/p>\n<h1>den Anfang machen<\/h1>\n<h1><\/h1>\n<p>[\/et_pb_text][et_pb_text _builder_version=&#8220;4.4.0&#8243; header_font=&#8220;|||on|||||&#8220; header_text_align=&#8220;left&#8220; header_5_font=&#8220;Swanky and Moo Moo|700|on||||||&#8220; header_5_text_align=&#8220;right&#8220; header_5_text_color=&#8220;#e6160f&#8220; header_5_font_size=&#8220;35px&#8220; transform_rotate=&#8220;0deg|0deg|356deg&#8220; width=&#8220;115.5%&#8220; custom_margin=&#8220;-31px|-55px|||false|false&#8220; custom_margin_tablet=&#8220;&#8220; custom_margin_phone=&#8220;0px|0px|0px|0px|false|false&#8220; custom_margin_last_edited=&#8220;on|desktop&#8220; custom_padding=&#8220;0px|0px|0px|0px|false|false&#8220; header_text_align_phone=&#8220;center&#8220; header_text_align_last_edited=&#8220;off|desktop&#8220; header_5_text_align_tablet=&#8220;&#8220; header_5_text_align_phone=&#8220;center&#8220; header_5_text_align_last_edited=&#8220;on|phone&#8220; header_5_text_color_tablet=&#8220;&#8220; header_5_text_color_phone=&#8220;&#8220; header_5_text_color_last_edited=&#8220;on|desktop&#8220; header_5_font_size_tablet=&#8220;&#8220; header_5_font_size_phone=&#8220;22px&#8220; header_5_font_size_last_edited=&#8220;on|desktop&#8220;]<\/p>\n<h5>Aufbau der europaweiten Zusammenarbeit\u00a0<\/h5>\n<p>[\/et_pb_text][\/et_pb_column][et_pb_column type=&#8220;1_2&#8243; _builder_version=&#8220;3.28&#8243;][et_pb_code disabled_on=&#8220;on|off|off&#8220; _builder_version=&#8220;3.28&#8243; width=&#8220;92.2%&#8220; custom_margin=&#8220;-110px||-50px|80px|false|false&#8220; custom_padding=&#8220;|0px|||false|false&#8220;]<!-- Chart Action CSS -->\r\n<style type=\"text\/css\">\r\n\t#imap_1 {\n \n}<\/style>\r\n\r\n<!-- Chart Action HTML -->\r\n<div id=\"imap_1\">\n  <div class=\"interactive_map_finder\" id=\"interactive_map_1\" imap=\"1\"><\/div>\n<\/div>[\/et_pb_code][\/et_pb_column][\/et_pb_row][et_pb_row column_structure=&#8220;1_2,1_4,1_4&#8243; _builder_version=&#8220;3.28&#8243; custom_padding=&#8220;0px||0px|||&#8220;][et_pb_column type=&#8220;1_2&#8243; _builder_version=&#8220;3.28&#8243;][et_pb_text _builder_version=&#8220;4.4.0&#8243; header_font=&#8220;|||on|||||&#8220; header_text_color=&#8220;#65b32e&#8220; header_3_text_color=&#8220;#17428c&#8220; custom_padding=&#8220;0px|||||&#8220;]<\/p>\n<p>Die Europ\u00e4ische Kreditinitiative hat zwei Ziele. Sie will mithelfen, eine neue Art des Wirtschaftens hervorzubringen und zu st\u00e4rken. Und sie hat einen konkreten Vorschlag auf der europ\u00e4ischen Ebene, daf\u00fcr rechtliche M\u00f6glichkeiten zu schaffen.\u00a0Daf\u00fcr brauchen wir Austausch und Zusammenarbeit mit m\u00f6glichst vielen Menschen, in m\u00f6glichst vielen L\u00e4ndern.<\/p>\n<p>Gegr\u00fcndet wurde die Europ\u00e4ische Kreditinitiative aus dem Arbeitszusammenhang des <em>Internationalen Kulturzentrums Achberg e.V.<\/em> in Deutschland und des Vereins <em>IG-EuroVision <\/em>in \u00d6sterreich. Die beiden Gr\u00fcnder und Leiter des Gesamtprojektes sind Gerhard Schuster und Daniel Schily.<\/p>\n<p>[\/et_pb_text][\/et_pb_column][et_pb_column type=&#8220;1_4&#8243; _builder_version=&#8220;3.28&#8243;][et_pb_team_member name=&#8220;Gerhard Schuster&#8220; image_url=&#8220;https:\/\/www.creditinitiative.eu\/wp-content\/uploads\/team_gerhard_schuster.jpg&#8220; _builder_version=&#8220;4.4.0&#8243;][\/et_pb_team_member][\/et_pb_column][et_pb_column type=&#8220;1_4&#8243; _builder_version=&#8220;4.4.0&#8243;][et_pb_team_member name=&#8220;Daniel Schily&#8220; image_url=&#8220;https:\/\/www.creditinitiative.eu\/wp-content\/uploads\/team_daniel_schily.jpg&#8220; _builder_version=&#8220;4.4.0&#8243;][\/et_pb_team_member][\/et_pb_column][\/et_pb_row][et_pb_row _builder_version=&#8220;4.4.0&#8243; custom_padding=&#8220;14px|||||&#8220;][et_pb_column type=&#8220;4_4&#8243; _builder_version=&#8220;4.4.0&#8243;][et_pb_text _builder_version=&#8220;4.4.0&#8243; custom_padding=&#8220;||11px|||&#8220;]<\/p>\n<p>In Deutschland, \u00d6sterreich und Finnland hat eine aktive Arbeit begonnen. In andere L\u00e4nder sind unterschiedlich starke F\u00e4den gekn\u00fcpft, z.B. nach Frankreich, Luxemburg oder Tschechien. Unsere Info-Brosch\u00fcre haben wir schon in einige Sprachen \u00fcbersetzt. Und mit der Aktion 4&#215;7 werden die Parlamente der Mitgliedsl\u00e4nder informiert. Der Aufbau der europaweiten Vernetzung soll weiter intensiviert werden.<\/p>\n<p>[\/et_pb_text][\/et_pb_column][\/et_pb_row][et_pb_row column_structure=&#8220;1_2,1_2&#8243; _builder_version=&#8220;4.4.0&#8243; custom_padding=&#8220;0px|||||&#8220;][et_pb_column type=&#8220;1_2&#8243; _builder_version=&#8220;4.4.0&#8243;][et_pb_text _builder_version=&#8220;4.4.0&#8243;]<\/p>\n<h2>Team Achberg<\/h2>\n<p>Am Sitz der Tr\u00e4gerorganisation Internationales Kulturzentrums Achberg e.V. finden regelm\u00e4\u00dfig Arbeitstreffen und Workshops zur Europ\u00e4ischen Kreditinitiative statt.<\/p>\n<p>Kreditinitiative-Mitarbeiter vor Ort:\u00a0<em>Gerhard Meister<\/em><\/p>\n<p>und Mitarbeiter*innen des Kulturzentrums: <em>Loes Swart, Herbert Schliffka, Uwe Scheibelhut, Birgit Irmer<\/em><\/p>\n<p>[\/et_pb_text][\/et_pb_column][et_pb_column type=&#8220;1_2&#8243; _builder_version=&#8220;4.4.0&#8243;][et_pb_text _builder_version=&#8220;4.4.0&#8243;]<\/p>\n<h2>Team Wien<\/h2>\n<p>Wien ist der Sitz der zweiten Tr\u00e4gerorganisation IG-EuroVision und zugleich der Hauptstandort der europaweiten Arbeit.<\/p>\n<p>&nbsp;<\/p>\n<p>Kreditinitiative-Mitarbeiter vor Ort:<br \/> <em>Ines Kanka, Tassilo Seidl-Zellbrugg,<br \/> Florian Wagner, Josef Zeisel<\/em><\/p>\n<p>[\/et_pb_text][\/et_pb_column][\/et_pb_row][et_pb_row column_structure=&#8220;1_2,1_2&#8243; _builder_version=&#8220;4.4.0&#8243; custom_padding=&#8220;0px||0px|||&#8220;][et_pb_column type=&#8220;1_2&#8243; _builder_version=&#8220;4.4.0&#8243;][et_pb_text _builder_version=&#8220;4.4.0&#8243; text_font_size=&#8220;13px&#8220;]<\/p>\n<p><img loading=\"lazy\" decoding=\"async\" src=\"https:\/\/www.creditinitiative.eu\/wp-content\/uploads\/gerhard-meister-kuppel.jpg\" width=\"799\" height=\"533\" alt=\"\" class=\"wp-image-722 size-full\" srcset=\"https:\/\/www.creditinitiative.eu\/wp-content\/uploads\/gerhard-meister-kuppel.jpg 799w, https:\/\/www.creditinitiative.eu\/wp-content\/uploads\/gerhard-meister-kuppel-480x320.jpg 480w\" sizes=\"auto, (min-width: 0px) and (max-width: 480px) 480px, (min-width: 481px) 799px, 100vw\" \/> Gerhard Meister (Mitte) bei einem Workshop zur Europ\u00e4ischen Kreditinitiative\u00a0<\/p>\n<p>&nbsp;<\/p>\n<p>[\/et_pb_text][\/et_pb_column][et_pb_column type=&#8220;1_2&#8243; _builder_version=&#8220;4.4.0&#8243;][et_pb_text _builder_version=&#8220;4.4.0&#8243; text_font_size=&#8220;13px&#8220;]<\/p>\n<p><img loading=\"lazy\" decoding=\"async\" src=\"https:\/\/www.creditinitiative.eu\/wp-content\/uploads\/team-wien.jpg\" width=\"799\" height=\"533\" alt=\"\" class=\"wp-image-730 size-full\" srcset=\"https:\/\/www.creditinitiative.eu\/wp-content\/uploads\/team-wien.jpg 799w, https:\/\/www.creditinitiative.eu\/wp-content\/uploads\/team-wien-480x320.jpg 480w\" sizes=\"auto, (min-width: 0px) and (max-width: 480px) 480px, (min-width: 481px) 799px, 100vw\" \/> Das Wiener Team mit Info-Paketen an die EU-Mitgliedsl\u00e4nder \u2013 Aktion 4&#215;7\u00a0<\/p>\n<p>&nbsp;<\/p>\n<p>[\/et_pb_text][\/et_pb_column][\/et_pb_row][et_pb_row column_structure=&#8220;1_2,1_2&#8243; _builder_version=&#8220;4.4.0&#8243; custom_padding=&#8220;0px|||||&#8220;][et_pb_column type=&#8220;1_2&#8243; _builder_version=&#8220;4.4.0&#8243;][et_pb_text _builder_version=&#8220;4.4.0&#8243;]<\/p>\n<h2>Kreditinitiative Deutschland<\/h2>\n<p><span size=\"3\" style=\"font-size: medium;\">Aus der Partnerschaft der Europ\u00e4ischen Kreditinitiative mit dem <strong>OMNIBUS f\u00fcr Direkte Demokratie<\/strong> hat sich eine eigenst\u00e4ndige Kreditinitiative-Arbeit mit Aktionen und Aktivit\u00e4ten in Deutschland herausgebildet.<\/span><\/p>\n<p>Mitarbeiter: <em>Kurt Wilhelmi<\/em><em><br \/><\/em><\/p>\n<p><a href=\"http:\/\/www.kreditinitiative.de\" target=\"_blank\" rel=\"noopener noreferrer\" title=\"www.kreditinitiative.de\"><strong><span size=\"3\" style=\"font-size: medium;\">www.kreditinitiative.de<\/span><\/strong><\/a><\/p>\n<p>Damit verbunden ist auch die <strong><a href=\"http:\/\/www.omnibus.org\/projekte\/initiative-geldkreislauf\" target=\"_blank\" rel=\"noopener noreferrer\" title=\"Initiative \u00f6kologischer Geldkreislauf\u00a0\">\u203a\u203a\u203a Initiative \u00f6kologischer Geldkreislauf<\/a><\/strong>\u00a0zur Erforschung und Pflege der verschiedenen Qualit\u00e4ten des Geldes.<\/p>\n<p>[\/et_pb_text][et_pb_text _builder_version=&#8220;4.4.0&#8243; text_font_size=&#8220;13px&#8220;]<\/p>\n<p><img loading=\"lazy\" decoding=\"async\" src=\"https:\/\/www.creditinitiative.eu\/wp-content\/uploads\/GS_Berlin-1024x677.jpg\" width=\"1024\" height=\"677\" alt=\"\" class=\"wp-image-517 alignnone size-large\" srcset=\"https:\/\/www.creditinitiative.eu\/wp-content\/uploads\/GS_Berlin-980x648.jpg 980w, https:\/\/www.creditinitiative.eu\/wp-content\/uploads\/GS_Berlin-480x317.jpg 480w\" sizes=\"auto, (min-width: 0px) and (max-width: 480px) 480px, (min-width: 481px) and (max-width: 980px) 980px, (min-width: 981px) 1024px, 100vw\" \/> Die Kreditinitiative Deutschland beim Klimastreik am 20. September 2019 in Berlin<\/p>\n<p>&nbsp;<\/p>\n<p>[\/et_pb_text][\/et_pb_column][et_pb_column type=&#8220;1_2&#8243; _builder_version=&#8220;4.4.0&#8243;][et_pb_text _builder_version=&#8220;4.4.0&#8243;]<\/p>\n<h2>Kreditinitiative Finnland<\/h2>\n<p>Anl\u00e4sslich der Teilnahmer der Kreditinitiative bei der Konferenz &#8222;Soul of Europe&#8220; in Lahti 2016 entstand der Austausch und die Zusammenarbeit, aus dann der 2019 eine eigene Landesgruppe f\u00fcr Finnland hervorging. \u00a0<\/p>\n<p>&nbsp;<\/p>\n<p>Mitarbeiter*innen:<br \/> <em>Johannes Kananen<br \/> Tuulikki\u00a0Sarekoski<\/em><\/p>\n<p><em>\u00a0<\/em><\/p>\n<p>[\/et_pb_text][et_pb_text _builder_version=&#8220;4.4.0&#8243; text_font_size=&#8220;13px&#8220;]<\/p>\n<p><img loading=\"lazy\" decoding=\"async\" src=\"https:\/\/www.creditinitiative.eu\/wp-content\/uploads\/finnland.jpeg\" width=\"800\" height=\"533\" alt=\"\" class=\"wp-image-757 alignnone size-full\" srcset=\"https:\/\/www.creditinitiative.eu\/wp-content\/uploads\/finnland.jpeg 800w, https:\/\/www.creditinitiative.eu\/wp-content\/uploads\/finnland-480x320.jpeg 480w\" sizes=\"auto, (min-width: 0px) and (max-width: 480px) 480px, (min-width: 481px) 800px, 100vw\" \/>\u00a0Im Gespr\u00e4ch mit der Finnischen Abgeordenten Veronika Honkasalo (li.)<em><br \/><\/em><\/p>\n<p>&nbsp;<\/p>\n<p>[\/et_pb_text][\/et_pb_column][\/et_pb_row][et_pb_row _builder_version=&#8220;4.4.0&#8243; custom_margin=&#8220;-68px|auto||auto||&#8220;][et_pb_column type=&#8220;4_4&#8243; _builder_version=&#8220;4.4.0&#8243;][et_pb_divider color=&#8220;#4d5b61&#8243; divider_position=&#8220;center&#8220; _builder_version=&#8220;3.28&#8243;][\/et_pb_divider][et_pb_text _builder_version=&#8220;4.4.0&#8243;]<\/p>\n<p>Im Rahmen unserer &#8222;Aktion 4&#215;7&#8220; haben wir die Mitglieder der Parlamente in den EU-Mitgliedsstaaten \u00fcber die Europ\u00e4ische Kreditinitiative informiert. In einigen L\u00e4ndern konnten wir unsere Pakete pers\u00f6nlich \u00fcbergeben.<\/p>\n<p>[\/et_pb_text][et_pb_gallery gallery_ids=&#8220;746,736,738,740,744,750,748,742,730&#8243; posts_number=&#8220;8&#8243; _builder_version=&#8220;4.4.0&#8243;][\/et_pb_gallery][\/et_pb_column][\/et_pb_row][\/et_pb_section][et_pb_section fb_built=&#8220;1&#8243; _builder_version=&#8220;3.28&#8243; custom_padding=&#8220;||0px|||&#8220;][et_pb_row _builder_version=&#8220;3.28&#8243; custom_margin=&#8220;-52px|auto||auto||&#8220;][et_pb_column type=&#8220;4_4&#8243; _builder_version=&#8220;3.28&#8243;][et_pb_divider color=&#8220;#4d5b61&#8243; divider_position=&#8220;center&#8220; _builder_version=&#8220;3.28&#8243;][\/et_pb_divider][\/et_pb_column][\/et_pb_row][et_pb_row _builder_version=&#8220;3.28&#8243; custom_margin=&#8220;-52px|auto||auto||&#8220;][et_pb_column type=&#8220;4_4&#8243; _builder_version=&#8220;3.28&#8243;][\/et_pb_column][\/et_pb_row][\/et_pb_section][et_pb_section fb_built=&#8220;1&#8243; _builder_version=&#8220;3.28&#8243; custom_margin=&#8220;-33px|||||&#8220; custom_padding=&#8220;68px|||||&#8220; global_module=&#8220;438&#8243; saved_tabs=&#8220;all&#8220;][et_pb_row column_structure=&#8220;1_3,1_3,1_3&#8243; _builder_version=&#8220;3.28&#8243; custom_margin=&#8220;-46px|auto|-1px|auto||&#8220; custom_padding=&#8220;0px||0px|||&#8220;][et_pb_column type=&#8220;1_3&#8243; _builder_version=&#8220;3.28&#8243;][et_pb_text _builder_version=&#8220;3.28&#8243; custom_margin=&#8220;12px||||false|false&#8220;]<\/p>\n<p><span>Internationales Kulturzentrum Achberg e.V.<br \/> <\/span><span>Panoramastra\u00dfe 30<br \/> 88147 Achberg<br \/> DEUTSCHLAND <\/span><\/p>\n<p><span>+49 8380 500 <\/span><\/p>\n<p><span>IBAN: DE88 4306 0967 8233 3668 00<br \/> <\/span><span>GENODEM1GLS <\/span><\/p>\n<p><span><\/span><\/p>\n<p>[\/et_pb_text][et_pb_text _builder_version=&#8220;3.28&#8243; custom_margin=&#8220;-12px||||false|false&#8220;]<\/p>\n<p><span><a href=\"mailto:info@creditinitiative.eu \">info@creditinitiative.eu<br \/> <\/a><\/span><span><a href=\"http:\/\/www.creditinitiative.eu \">www.creditinitiative.eu<\/a><\/span><\/p>\n<p><span><\/span><\/p>\n<p><span><\/span><\/p>\n<p>[\/et_pb_text][\/et_pb_column][et_pb_column type=&#8220;1_3&#8243; _builder_version=&#8220;3.28&#8243;][et_pb_text _builder_version=&#8220;3.28&#8243; custom_margin=&#8220;12px||||false|false&#8220;]<\/p>\n<p><span>Initiativ-Gesellschaft EuroVision<br \/> <\/span><span>Brantinggasse 61<br \/> 1100 Wien<br \/> \u00d6STERREICH <\/span><\/p>\n<p><span>+43 650 941 32 64<\/span><\/p>\n<p><span>IBAN: AT09 6000 0000 9217 9671<br \/> BIC: OPSKATWW <\/span><\/p>\n<p><span><\/span><\/p>\n<p>[\/et_pb_text][et_pb_text _builder_version=&#8220;3.28&#8243; custom_margin=&#8220;-12px||||false|false&#8220; custom_padding=&#8220;||||false|false&#8220;]<\/p>\n<p><span><\/span><span style=\"font-size: 15px;\">Ansprechpersonen:<br \/> <\/span><span style=\"font-size: 15px;\">Gerhard Schuster und Daniel Schily<\/span><\/p>\n<p><span><\/span><\/p>\n<p>[\/et_pb_text][\/et_pb_column][et_pb_column type=&#8220;1_3&#8243; _builder_version=&#8220;3.28&#8243;][et_pb_sidebar area=&#8220;et_pb_widget_area_1&#8243; show_border=&#8220;off&#8220; _builder_version=&#8220;3.28&#8243; custom_margin=&#8220;-18px|3px|||false|false&#8220;][\/et_pb_sidebar][\/et_pb_column][\/et_pb_row][et_pb_row column_structure=&#8220;3_5,2_5&#8243; _builder_version=&#8220;3.28&#8243; custom_margin=&#8220;-22px|auto|-57px|auto||&#8220; custom_padding=&#8220;||1px|||&#8220;][et_pb_column type=&#8220;3_5&#8243; _builder_version=&#8220;3.28&#8243;][et_pb_text _builder_version=&#8220;3.28&#8243; custom_margin=&#8220;-8px||||false|false&#8220;]<\/p>\n<div>\n<p>\u00a9\u00a02020 | Internationales Kulturzentrum Achberg &amp; IG-EuroVision | <a href=\"https:\/\/www.creditinitiative.eu\/de\/impressum\/\" title=\"Impressum\">Impressum<\/a>\u00a0| <a href=\"https:\/\/www.creditinitiative.eu\/de\/datenschutz\/\" title=\"Datenschutz\">Datenschutz<\/a><\/p>\n<\/div>\n<p>[\/et_pb_text][\/et_pb_column][et_pb_column type=&#8220;2_5&#8243; _builder_version=&#8220;3.28&#8243;][et_pb_text _builder_version=&#8220;4.4.0&#8243; transform_scale_last_edited=&#8220;off|desktop&#8220; transform_translate_last_edited=&#8220;off|desktop&#8220; transform_rotate_last_edited=&#8220;off|desktop&#8220; transform_skew_last_edited=&#8220;off|desktop&#8220; transform_origin_last_edited=&#8220;off|desktop&#8220; transform_styles_last_edited=&#8220;off|desktop&#8220; text_orientation=&#8220;right&#8220; custom_margin=&#8220;-10px||||false|false&#8220; text_font_size_tablet=&#8220;&#8220; text_font_size_phone=&#8220;7px&#8220; text_font_size_last_edited=&#8220;on|phone&#8220; text_orientation_tablet=&#8220;&#8220; text_orientation_phone=&#8220;left&#8220; text_orientation_last_edited=&#8220;on|phone&#8220;]<\/p>\n<p><a href=\"https:\/\/www.facebook.com\/credit.initiative\" target=\"_blank\" rel=\"noopener noreferrer\"><img loading=\"lazy\" decoding=\"async\" src=\"https:\/\/www.creditinitiative.eu\/wp-content\/uploads\/facebook.png\" width=\"88\" height=\"23\" alt=\"\" class=\"wp-image-65 alignnone size-full\" \/><\/a>\u00a0 \u00a0 \u00a0<a href=\"https:\/\/twitter.com\/credit_eci\" target=\"_blank\" rel=\"noopener noreferrer\" title=\"Twitter\"><img loading=\"lazy\" decoding=\"async\" src=\"https:\/\/www.creditinitiative.eu\/wp-content\/uploads\/twitter.png\" width=\"27\" height=\"22\" alt=\"\" class=\"wp-image-83 alignnone size-full\" \/><\/a> \u00a0 \u00a0 \u00a0<a href=\"http:\/\/www.youtube.com\/c\/europe2019net\" target=\"_blank\" rel=\"noopener noreferrer\" title=\"YouTube\"><img loading=\"lazy\" decoding=\"async\" src=\"https:\/\/www.creditinitiative.eu\/wp-content\/uploads\/youtube.png\" width=\"53\" height=\"22\" alt=\"\" class=\"wp-image-85 alignnone size-full\" \/><\/a>\u00a0 \u00a0 \u00a0\u00a0<a href=\"https:\/\/soundcloud.com\/credit-initiative\" target=\"_blank\" rel=\"noopener noreferrer\" title=\"Soundcloud\"><img loading=\"lazy\" decoding=\"async\" src=\"https:\/\/www.creditinitiative.eu\/wp-content\/uploads\/soundcloud.png\" width=\"37\" height=\"21\" alt=\"\" class=\"wp-image-81 alignnone size-full\" \/><\/a>\u00a0 \u00a0 \u00a0\u00a0<a href=\"https:\/\/www.flickr.com\/photos\/europe2019\" target=\"_blank\" rel=\"noopener noreferrer\" title=\"Flickr\"><img loading=\"lazy\" decoding=\"async\" src=\"https:\/\/www.creditinitiative.eu\/wp-content\/uploads\/flickr.png\" width=\"64\" height=\"19\" alt=\"\" class=\"wp-image-67 alignnone size-full\" \/><\/a><\/p>\n<p>[\/et_pb_text][\/et_pb_column][\/et_pb_row][\/et_pb_section]<\/p>\n","protected":false},"excerpt":{"rendered":"<p>#economyforfuture den Anfang machen Aufbau der europaweiten Zusammenarbeit\u00a0<!-- Chart Action CSS -->\r\n<style type=\"text\/css\">\r\n\t#imap_2 {\n \n}<\/style>\r\n\r\n<!-- Chart Action HTML -->\r\n<div id=\"imap_2\">\n  <div class=\"interactive_map_finder\" id=\"interactive_map_2\" imap=\"2\"><\/div>\n<\/div>Die Europ\u00e4ische Kreditinitiative hat zwei Ziele. Sie will mithelfen, eine neue Art des Wirtschaftens hervorzubringen und zu st\u00e4rken. Und sie hat einen konkreten Vorschlag auf der europ\u00e4ischen Ebene, daf\u00fcr rechtliche M\u00f6glichkeiten zu schaffen.\u00a0Daf\u00fcr brauchen wir Austausch und Zusammenarbeit mit m\u00f6glichst vielen Menschen, in m\u00f6glichst vielen L\u00e4ndern. Gegr\u00fcndet [&hellip;]<\/p>\n","protected":false},"author":1,"featured_media":722,"parent":0,"menu_order":0,"comment_status":"closed","ping_status":"closed","template":"","meta":{"_et_pb_use_builder":"on","_et_pb_old_content":"","_et_gb_content_width":"","footnotes":"","_links_to":"","_links_to_target":""},"class_list":["post-714","page","type-page","status-publish","has-post-thumbnail","hentry"],"_links":{"self":[{"href":"https:\/\/www.creditinitiative.eu\/de\/wp-json\/wp\/v2\/pages\/714","targetHints":{"allow":["GET"]}}],"collection":[{"href":"https:\/\/www.creditinitiative.eu\/de\/wp-json\/wp\/v2\/pages"}],"about":[{"href":"https:\/\/www.creditinitiative.eu\/de\/wp-json\/wp\/v2\/types\/page"}],"author":[{"embeddable":true,"href":"https:\/\/www.creditinitiative.eu\/de\/wp-json\/wp\/v2\/users\/1"}],"replies":[{"embeddable":true,"href":"https:\/\/www.creditinitiative.eu\/de\/wp-json\/wp\/v2\/comments?post=714"}],"version-history":[{"count":17,"href":"https:\/\/www.creditinitiative.eu\/de\/wp-json\/wp\/v2\/pages\/714\/revisions"}],"predecessor-version":[{"id":1576,"href":"https:\/\/www.creditinitiative.eu\/de\/wp-json\/wp\/v2\/pages\/714\/revisions\/1576"}],"wp:featuredmedia":[{"embeddable":true,"href":"https:\/\/www.creditinitiative.eu\/de\/wp-json\/wp\/v2\/media\/722"}],"wp:attachment":[{"href":"https:\/\/www.creditinitiative.eu\/de\/wp-json\/wp\/v2\/media?parent=714"}],"curies":[{"name":"wp","href":"https:\/\/api.w.org\/{rel}","templated":true}]}}