{"id":689,"date":"2020-03-08T22:48:50","date_gmt":"2020-03-08T22:48:50","guid":{"rendered":"https:\/\/www.creditinitiative.eu\/?page_id=689"},"modified":"2021-06-22T15:07:38","modified_gmt":"2021-06-22T15:07:38","slug":"vorschlag","status":"publish","type":"page","link":"https:\/\/www.creditinitiative.eu\/de\/vorschlag\/","title":{"rendered":"Der Gesetzesvorschlag der Europ\u00e4ischen Kreditinitiative"},"content":{"rendered":"<p>[et_pb_section fb_built=&#8220;1&#8243; _builder_version=&#8220;3.28&#8243; min_height=&#8220;315px&#8220; custom_margin=&#8220;||-13px|||&#8220; custom_padding=&#8220;0px||5px|||&#8220;][et_pb_row column_structure=&#8220;1_2,1_2&#8243; _builder_version=&#8220;3.28&#8243; custom_margin=&#8220;|auto|30px|auto||&#8220; custom_padding=&#8220;0px||0px|||&#8220;][et_pb_column type=&#8220;1_2&#8243; _builder_version=&#8220;3.28&#8243;][et_pb_text _builder_version=&#8220;4.4.0&#8243; header_font=&#8220;|||on|||||&#8220; header_text_color=&#8220;#65b32e&#8220; custom_margin=&#8220;||-53px|||&#8220; custom_padding=&#8220;85px||0px|||&#8220; header_font_size_tablet=&#8220;&#8220; header_font_size_phone=&#8220;17px&#8220; header_font_size_last_edited=&#8220;on|phone&#8220; header_5_font_size_tablet=&#8220;&#8220; header_5_font_size_phone=&#8220;12px&#8220; header_5_font_size_last_edited=&#8220;on|phone&#8220;]<\/p>\n<p>#economyforfuture<\/p>\n<h1>Der Gesetzesvorschlag <br \/>der Europ\u00e4ischen Kreditinitiative\u00a0<\/h1>\n<p>[\/et_pb_text][et_pb_text _builder_version=&#8220;4.4.0&#8243; header_font=&#8220;|||on|||||&#8220; header_text_align=&#8220;left&#8220; header_5_font=&#8220;Swanky and Moo Moo|700|on||||||&#8220; header_5_text_align=&#8220;right&#8220; header_5_text_color=&#8220;#e6160f&#8220; header_5_font_size=&#8220;35px&#8220; transform_rotate=&#8220;0deg|0deg|356deg&#8220; width=&#8220;115.5%&#8220; custom_margin=&#8220;3px|-55px|6px||false|false&#8220; custom_margin_tablet=&#8220;&#8220; custom_margin_phone=&#8220;0px|0px|0px|0px|false|false&#8220; custom_margin_last_edited=&#8220;on|desktop&#8220; custom_padding=&#8220;35px|0px|0px|0px|false|false&#8220; header_text_align_phone=&#8220;center&#8220; header_text_align_last_edited=&#8220;off|desktop&#8220; header_5_text_align_tablet=&#8220;&#8220; header_5_text_align_phone=&#8220;center&#8220; header_5_text_align_last_edited=&#8220;on|phone&#8220; header_5_text_color_tablet=&#8220;&#8220; header_5_text_color_phone=&#8220;&#8220; header_5_text_color_last_edited=&#8220;on|desktop&#8220; header_5_font_size_tablet=&#8220;&#8220; header_5_font_size_phone=&#8220;22px&#8220; header_5_font_size_last_edited=&#8220;on|desktop&#8220;]<\/p>\n<h5>und sein Hintergrund<\/h5>\n<p>[\/et_pb_text][\/et_pb_column][et_pb_column type=&#8220;1_2&#8243; _builder_version=&#8220;3.28&#8243;][et_pb_code disabled_on=&#8220;on|off|off&#8220; _builder_version=&#8220;3.28&#8243; width=&#8220;92.2%&#8220; custom_margin=&#8220;-110px||-50px|80px|false|false&#8220; custom_padding=&#8220;|0px|||false|false&#8220;]<!-- Chart Action CSS -->\r\n<style type=\"text\/css\">\r\n\t#imap_1 {\n \n}<\/style>\r\n\r\n<!-- Chart Action HTML -->\r\n<div id=\"imap_1\">\n  <div class=\"interactive_map_finder\" id=\"interactive_map_1\" imap=\"1\"><\/div>\n<\/div>[\/et_pb_code][\/et_pb_column][\/et_pb_row][et_pb_row column_structure=&#8220;1_5,3_5,1_5&#8243; _builder_version=&#8220;4.4.0&#8243; custom_margin=&#8220;-53px|auto||auto||&#8220; custom_padding=&#8220;75px|||||&#8220;][et_pb_column type=&#8220;1_5&#8243; _builder_version=&#8220;4.4.0&#8243;][\/et_pb_column][et_pb_column type=&#8220;3_5&#8243; _builder_version=&#8220;4.4.0&#8243;][et_pb_text _builder_version=&#8220;4.9.1&#8243; text_font=&#8220;||||||||&#8220; text_text_color=&#8220;#72787a&#8220; hover_enabled=&#8220;0&#8243; sticky_enabled=&#8220;0&#8243;]<\/p>\n<h3>Der Vorschlag:<\/h3>\n<p>Damit die Wirtschaft nicht l\u00e4nger nur den Intentionen gewinnorientierter Anleger und Investoren ausgeliefert bleibt, soll aus dem System der Europ\u00e4ischen Zentralbanken eine profitunabh\u00e4ngige, permanente Finanzierung f\u00fcr Unternehmen geschaffen werden. Wenn sie in kooperativen Zusammenschl\u00fcssen nachhaltig und zukunftsorientiert f\u00fcr den Bedarf der Menschen t\u00e4tig sind und dabei zugleich die Lebenssph\u00e4re der Natur sch\u00fctzen, erhalten sie fortlaufend zinsfreie Kredite. Daf\u00fcr verpflichten sie sich, nicht h\u00f6here Einkommen als in \u00f6ffentlichen Einrichtungen zu zahlen und mit den Gewinnen dem Gemeinwohl zu dienen. Dadurch wird auch solchen Unternehmen, die gesellschaftsrelevante Aufgaben erf\u00fcllen, aber die erhaltenen Kredite nicht aus eigenen Einnahmen abl\u00f6sen k\u00f6nnen oder sollen, solidarisch die Kredit-R\u00fcckzahlung erm\u00f6glicht. Dazu haben wir einen konkreten Gesetzesvorschlag zur Erg\u00e4nzung der Satzung der Europ\u00e4ischen Zentralbank ausgearbeitet. Der Vorschlag wurde im Hinblick auf Zula\u0308ssigkeit fu\u0308r eine Europa\u0308ische Bu\u0308rgerinitiative von Univ.-Prof. Dr. Walter Obwexer und Ass.-Prof. Dr. Julia Villotti vom Institut fu\u0308r Europa- und Vo\u0308lkerrecht der Universita\u0308t Innsbruck begutachtet.<\/p>\n<p><strong><a href=\"https:\/\/www.creditinitiative.eu\/wp-content\/uploads\/eki-gutachten-obwexer.pdf\" rel=\"attachment noopener wp-att-1318\" target=\"_blank\" title=\"pdf\">\u203a\u203a zum Gutachten<\/a><\/strong><\/p>\n<p>[\/et_pb_text][et_pb_button button_url=&#8220;\/aufruf&#8220; button_text=&#8220;Aufruf unterzeichnen!&#8220; button_alignment=&#8220;center&#8220; _builder_version=&#8220;4.4.0&#8243;][\/et_pb_button][et_pb_accordion open_toggle_text_color=&#8220;#e6160f&#8220; open_toggle_background_color=&#8220;rgba(0,0,0,0)&#8220; closed_toggle_background_color=&#8220;rgba(0,0,0,0)&#8220; icon_color=&#8220;#e84e0f&#8220; use_icon_font_size=&#8220;on&#8220; icon_font_size=&#8220;30px&#8220; _builder_version=&#8220;4.4.0&#8243; toggle_text_color=&#8220;#17428c&#8220; toggle_font=&#8220;|600|||||||&#8220; toggle_text_align=&#8220;center&#8220; toggle_font_size=&#8220;18px&#8220; border_width_all=&#8220;0px&#8220;][et_pb_accordion_item title=&#8220;Der Gesetzesentwurf der Europ\u00e4ische Kreditinitiative&#8220; open=&#8220;on&#8220; _builder_version=&#8220;4.4.0&#8243;]<\/p>\n<p><span>Mit dem Vorschlag der Europ\u00e4ischen Kreditinitiative regen wir an, die Satzung des Europ\u00e4ischen Systems der Zentralbanken (ESZB) und der Europ\u00e4ischen Zentralbank (EZB) in ihrem Artikel 18.1 um einen Absatz zu erg\u00e4nzen. Der Vorschlag, der an bestehende Formulierungen und rechtliche Gegebenheiten anschlie\u00dft, lautet:<\/span><\/p>\n<p><span>\u201eZur Erreichung der Ziele des ESZB und zur Erf\u00fcllung seiner Aufgaben k\u00f6nnen die EZB und die nationalen Zentralbanken [&#8230;] <em>zinsfreie Kreditgesch\u00e4fte mit Kreditinstituten und anderen Marktteilnehmern abschlie\u00dfen, die Dienstleistungen von allgemeinem wirtschaftlichem Interesse erbringen, die Einkommen ihrer Mitarbeiterinnen und Mitarbeiter den einschl\u00e4gigen \u00f6ffentlich-rechtlichen Bestimmungen des betroffenen Mitgliedstaats unterstellen und auf Gewinne dauerhaft verzichten oder vollst\u00e4ndig an die \u00f6ffentliche Hand abf\u00fchren. F\u00fcr die Darlehen sind ausreichende Sicherheiten zu stellen.<\/em>\u201c <\/span><\/p>\n<p><span>Damit wollen wir erreichen, dass bedarfs- und gemeinwohlorientiert Unternehmen eine neue M\u00f6glichkeit der Finanzierung erhalten, wenn sie bestimmte Bedingungen erf\u00fcllen. <\/span><\/p>\n<p><span><\/span><\/p>\n<p>[\/et_pb_accordion_item][et_pb_accordion_item title=&#8220;Die Bedingungen f\u00fcr die profitunabh\u00e4ngige Finanzierung&#8220; _builder_version=&#8220;4.4.0&#8243; open=&#8220;off&#8220;]<\/p>\n<p><span><strong>1.<\/strong> Am Anfang steht das Selbstverst\u00e4ndnis, dass Wirtschaft dem Bedarf und dem Gemeinwohl verpflichtet ist. Mit der Formulierung \u201eDienstleistungen von allgemeinem wirtschaftlichem Interesse\u201c schlie\u00dfen wir dabei an bestehende Regelungen der EU an. Der Begriff bezieht sich im Unionsrecht auf wirtschaftliche Leistungen, die jenseits von Marktanreizen und Wettbewerb im Interesse der Allgemeinheit erbracht werden und mit einer Gemeinwohlverpflichtung verbunden sind. In der Perspektive der Europ\u00e4ische Kreditinitiative geh\u00f6rt dazu letztlich alles Wirtschaften, wenn es nicht mehr aus Profitinteresse, sondern f\u00fcr den umfassenden Bedarf von Mensch und Natur und f\u00fcr alle notwendigen gesellschaftlichen Aufgaben erfolgt.<\/span><\/p>\n<p><span><strong>2.<\/strong> Eine weitere Bedingung f\u00fcr die neue Finanzierung ist, dass die Unternehmen die Handhabung der Einkommen einer Regelung durch das \u00f6ffentliche Recht \u00fcberlassen. Dadurch soll die M\u00f6glichkeit von Dumpingl\u00f6hnen und enormem Spitzenverdienst unterbunden werden. Es ist aber auch ein prinzipieller Gedanke damit verbunden. Arbeit kann keine Ware sein und so soll das Einkommen immer mehr als ein Grundrecht des Menschen und nicht als \u201eKauf von Arbeitskraft\u201c verstanden werden. Durch die Perspektive, die Einkommensgebung so zu greifen, wird sie Gegenstand der demokratischen Gestaltung.<\/span><\/p>\n<p><span><strong>3.<\/strong> Der Kernpunkt des Vorschlages ist der dauerhafte Profitverzicht. Die Entscheidung des Unternehmens, an der neuen Finanzierungsm\u00f6glichkeit zu partizipieren, soll eine prinzipielle sein. Es geht darum, eine unternehmerische Aufgabe zu erf\u00fcllen, nicht um Profit zu machen. Die vorgeschlagene freie Finanzierung aber erm\u00f6glicht erst die Entscheidung zu diesem Schritt und soll Unternehmen so unabh\u00e4ngig von Investoren und ihren Interessen machen.<\/span><\/p>\n<p><span><\/span><\/p>\n<p>[\/et_pb_accordion_item][et_pb_accordion_item title=&#8220;Das Bild des Geldkreislaufs&#8220; _builder_version=&#8220;4.4.0&#8243; open=&#8220;off&#8220;]<\/p>\n<p><span>Mit dem Vorschlag ist auch ein bestimmes Bild des Geldkreislaufes verbunden. Das von Unternehmen f\u00fcr ihre T\u00e4tigkeit ben\u00f6tigte Geld (das an sich keinen Wert hat) kann deshalb durch Kredite gesch\u00f6pft und an die Unternehmen herausgegeben werden, weil sich die Unternehmen und die in ihnen zusammenwirkenden Menschen verpflichten, etwas von Wert hervorzubringen.<\/span><\/p>\n<p><span>Im zweiten Schritt gelangt das Geld in die H\u00e4nde der Konsument*innen, d.h. es flie\u00dft in die Einkommen und berechtigt nun zum Kauf der produzierten Werte. Gleichzeitig erm\u00f6glicht das Einkommen in unserer arbeitsteiligen Wirtschaft \u00fcberhaupt erst die gesellschaftliche Teilhabe und damit auch erst die Mitarbeit des Einzelnen im Wirtschaftsganzen. Im Kaufakt flie\u00dft das Geld, das in die Preise der Waren und Dienstleistungen einkalkuliert war, zur\u00fcck und die Kredite k\u00f6nnen zur\u00fcckgezahlt werden. Der Kreislauf ist geschlossen.<\/span><\/p>\n<p><span>Das heute herrschende Prinzip vom Profit als Ziel der Wirtschaft \u00fcbersieht dabei, dass nicht alle Bereiche des Wirtschaftens ihre Aufwendungen in ein fertiges Produkt einpreisen k\u00f6nnen. Bei vielen Aufgaben gelingt dies nicht. Beispiele etwa sind Schule und Forschung, Gesundheit und Pflege, \u00f6kologische Aufgaben, Infrastruktur usw., Bereiche, die heute vorwiegend aus den Mitteln der \u00f6ffentlichen Hand finanziert werden und oft im Profitdruck den Bedarf nur mehr schlecht erf\u00fcllen k\u00f6nnen.<\/span><\/p>\n<p>[\/et_pb_accordion_item][et_pb_accordion_item title=&#8220;Der Ausgleich von \u00dcbersch\u00fcssen und Untersch\u00fcssen&#8220; _builder_version=&#8220;4.4.0&#8243; open=&#8220;off&#8220;]<\/p>\n<p><span>Die Unternehmen und Banken, die sich k\u00fcnftig der vorgeschlagenen profitunabh\u00e4ngigen Finanzierung aus dem Europ\u00e4ischen Zentralbanksystem anschlie\u00dfen wollen, k\u00f6nnen die genannten Gemeinwohlaufgaben dadurch erf\u00fcllen, dass die n\u00f6tige Finanzierung der Arbeit und auch alle Investitionen an anderen Stellen eingepreist werden. \u00dcbersch\u00fcsse und Untersch\u00fcsse werden innerhalb von kooperativen Zusammenschl\u00fcssen ausgeglichen. Anders gesagt: Es ist nicht entscheidend, ob das Geld in jeweils genau das Unternehmen zur\u00fcckflie\u00dft, an das es durch Kredit herausgegeben wurde. Entscheidend ist, dass es insgesamt zur\u00fcckkommt und so alle Kredite insgesamt abgel\u00f6st werden k\u00f6nnen. Das wollen wir mit unserem Vorschlag anregen und erm\u00f6glichen: Ein kooperatives Wirtschaften, das immer mehr dazu kommen kann, alle Bereiche des Bedarf abdecken zu k\u00f6nnen.<\/span><\/p>\n<p><span><\/span><\/p>\n<p>[\/et_pb_accordion_item][et_pb_accordion_item title=&#8220;Die Aufgabe der Gesamtgestaltung der Wirtschaft&#8220; _builder_version=&#8220;4.4.0&#8243; open=&#8220;off&#8220;]<\/p>\n<p><span>Dem Vorschlag einer profitunabh\u00e4ngigen Finanzierung der Wirtschaft liegt ein ganzheitliches Bild der \u00d6konomie zugrunde, das danach verlangt, die einzelnen konkreten Entscheidungen immer mehr aus der gemeinsamen, vernetzten Wahrnehmung des Ganzen heraus zu gestalten. Das ist nicht nur eine Forderung aus der krisenhaften \u00f6kologischen Situation heraus, sondern liegt in der Gestalt der modernen Wirtschaft selbst begr\u00fcndet. Diese zeigt sich heute als Gesamtsystem weltweit zusammenh\u00e4ngender Vorg\u00e4nge. Alles was es bedarf, wird letztlich aus dem Ganzen aller zusammenarbeitenden Menschen geleistet.<\/span><\/p>\n<p><span>Diese Gestaltung aus dem Ganzen kann aber nicht dirigistisch oder zentralistisch erfolgen sondern aus kooperativem Zusammenwirken und dezentraler Vernetzung. Der Vorschlag der Europ\u00e4ischen Kreditinitiative setzt dabei auch auf die freie Entscheidung von Unternehmen, den neuen Weg einzuschlagen, der durch eine profitunabh\u00e4ngige Finanzierung er\u00f6ffnet werden soll.<\/span><\/p>\n<p>[\/et_pb_accordion_item][\/et_pb_accordion][et_pb_button button_url=&#8220;\/aufruf&#8220; button_text=&#8220;Aufruf unterzeichnen!&#8220; button_alignment=&#8220;center&#8220; _builder_version=&#8220;4.4.0&#8243;][\/et_pb_button][\/et_pb_column][et_pb_column type=&#8220;1_5&#8243; _builder_version=&#8220;4.4.0&#8243;][\/et_pb_column][\/et_pb_row][\/et_pb_section][et_pb_section fb_built=&#8220;1&#8243; _builder_version=&#8220;3.28&#8243; custom_padding=&#8220;||0px|||&#8220;][et_pb_row _builder_version=&#8220;3.28&#8243; custom_margin=&#8220;-52px|auto||auto||&#8220;][et_pb_column type=&#8220;4_4&#8243; _builder_version=&#8220;3.28&#8243;][et_pb_divider color=&#8220;#4d5b61&#8243; divider_position=&#8220;center&#8220; _builder_version=&#8220;3.28&#8243; custom_margin=&#8220;16px||23px|||&#8220;][\/et_pb_divider][\/et_pb_column][\/et_pb_row][\/et_pb_section][et_pb_section fb_built=&#8220;1&#8243; _builder_version=&#8220;3.28&#8243; custom_margin=&#8220;-33px|||||&#8220; custom_padding=&#8220;68px|||||&#8220; global_module=&#8220;438&#8243; saved_tabs=&#8220;all&#8220;][et_pb_row column_structure=&#8220;1_3,1_3,1_3&#8243; _builder_version=&#8220;3.28&#8243; custom_margin=&#8220;-46px|auto|-1px|auto||&#8220; custom_padding=&#8220;0px||0px|||&#8220;][et_pb_column type=&#8220;1_3&#8243; _builder_version=&#8220;3.28&#8243;][et_pb_text _builder_version=&#8220;3.28&#8243; custom_margin=&#8220;12px||||false|false&#8220;]<\/p>\n<p><span>Internationales Kulturzentrum Achberg e.V.<br \/> <\/span><span>Panoramastra\u00dfe 30<br \/> 88147 Achberg<br \/> DEUTSCHLAND <\/span><\/p>\n<p><span>+49 8380 500 <\/span><\/p>\n<p><span>IBAN: DE88 4306 0967 8233 3668 00<br \/> <\/span><span>GENODEM1GLS <\/span><\/p>\n<p><span><\/span><\/p>\n<p>[\/et_pb_text][et_pb_text _builder_version=&#8220;3.28&#8243; custom_margin=&#8220;-12px||||false|false&#8220;]<\/p>\n<p><span><a href=\"mailto:info@creditinitiative.eu \">info@creditinitiative.eu<br \/> <\/a><\/span><span><a href=\"http:\/\/www.creditinitiative.eu \">www.creditinitiative.eu<\/a><\/span><\/p>\n<p><span><\/span><\/p>\n<p><span><\/span><\/p>\n<p>[\/et_pb_text][\/et_pb_column][et_pb_column type=&#8220;1_3&#8243; _builder_version=&#8220;3.28&#8243;][et_pb_text _builder_version=&#8220;3.28&#8243; custom_margin=&#8220;12px||||false|false&#8220;]<\/p>\n<p><span>Initiativ-Gesellschaft EuroVision<br \/> <\/span><span>Brantinggasse 61<br \/> 1100 Wien<br \/> \u00d6STERREICH <\/span><\/p>\n<p><span>+43 650 941 32 64<\/span><\/p>\n<p><span>IBAN: AT09 6000 0000 9217 9671<br \/> BIC: OPSKATWW <\/span><\/p>\n<p><span><\/span><\/p>\n<p>[\/et_pb_text][et_pb_text _builder_version=&#8220;3.28&#8243; custom_margin=&#8220;-12px||||false|false&#8220; custom_padding=&#8220;||||false|false&#8220;]<\/p>\n<p><span><\/span><span style=\"font-size: 15px;\">Ansprechpersonen:<br \/> <\/span><span style=\"font-size: 15px;\">Gerhard Schuster und Daniel Schily<\/span><\/p>\n<p><span><\/span><\/p>\n<p>[\/et_pb_text][\/et_pb_column][et_pb_column type=&#8220;1_3&#8243; _builder_version=&#8220;3.28&#8243;][et_pb_sidebar area=&#8220;et_pb_widget_area_1&#8243; show_border=&#8220;off&#8220; _builder_version=&#8220;3.28&#8243; custom_margin=&#8220;-18px|3px|||false|false&#8220;][\/et_pb_sidebar][\/et_pb_column][\/et_pb_row][et_pb_row column_structure=&#8220;3_5,2_5&#8243; _builder_version=&#8220;3.28&#8243; custom_margin=&#8220;-22px|auto|-57px|auto||&#8220; custom_padding=&#8220;||1px|||&#8220;][et_pb_column type=&#8220;3_5&#8243; _builder_version=&#8220;3.28&#8243;][et_pb_text _builder_version=&#8220;3.28&#8243; custom_margin=&#8220;-8px||||false|false&#8220;]<\/p>\n<div>\n<p>\u00a9\u00a02020 | Internationales Kulturzentrum Achberg &amp; IG-EuroVision | <a href=\"https:\/\/www.creditinitiative.eu\/de\/impressum\/\" title=\"Impressum\">Impressum<\/a>\u00a0| <a href=\"https:\/\/www.creditinitiative.eu\/de\/datenschutz\/\" title=\"Datenschutz\">Datenschutz<\/a><\/p>\n<\/div>\n<p>[\/et_pb_text][\/et_pb_column][et_pb_column type=&#8220;2_5&#8243; _builder_version=&#8220;3.28&#8243;][et_pb_text _builder_version=&#8220;4.4.0&#8243; transform_scale_last_edited=&#8220;off|desktop&#8220; transform_translate_last_edited=&#8220;off|desktop&#8220; transform_rotate_last_edited=&#8220;off|desktop&#8220; transform_skew_last_edited=&#8220;off|desktop&#8220; transform_origin_last_edited=&#8220;off|desktop&#8220; transform_styles_last_edited=&#8220;off|desktop&#8220; text_orientation=&#8220;right&#8220; custom_margin=&#8220;-10px||||false|false&#8220; text_font_size_tablet=&#8220;&#8220; text_font_size_phone=&#8220;7px&#8220; text_font_size_last_edited=&#8220;on|phone&#8220; text_orientation_tablet=&#8220;&#8220; text_orientation_phone=&#8220;left&#8220; text_orientation_last_edited=&#8220;on|phone&#8220;]<\/p>\n<p><a href=\"https:\/\/www.facebook.com\/credit.initiative\" target=\"_blank\" rel=\"noopener noreferrer\"><img loading=\"lazy\" decoding=\"async\" src=\"https:\/\/www.creditinitiative.eu\/wp-content\/uploads\/facebook.png\" width=\"88\" height=\"23\" alt=\"\" class=\"wp-image-65 alignnone size-full\" \/><\/a>\u00a0 \u00a0 \u00a0<a href=\"https:\/\/twitter.com\/credit_eci\" target=\"_blank\" rel=\"noopener noreferrer\" title=\"Twitter\"><img loading=\"lazy\" decoding=\"async\" src=\"https:\/\/www.creditinitiative.eu\/wp-content\/uploads\/twitter.png\" width=\"27\" height=\"22\" alt=\"\" class=\"wp-image-83 alignnone size-full\" \/><\/a> \u00a0 \u00a0 \u00a0<a href=\"http:\/\/www.youtube.com\/c\/europe2019net\" target=\"_blank\" rel=\"noopener noreferrer\" title=\"YouTube\"><img loading=\"lazy\" decoding=\"async\" src=\"https:\/\/www.creditinitiative.eu\/wp-content\/uploads\/youtube.png\" width=\"53\" height=\"22\" alt=\"\" class=\"wp-image-85 alignnone size-full\" \/><\/a>\u00a0 \u00a0 \u00a0\u00a0<a href=\"https:\/\/soundcloud.com\/credit-initiative\" target=\"_blank\" rel=\"noopener noreferrer\" title=\"Soundcloud\"><img loading=\"lazy\" decoding=\"async\" src=\"https:\/\/www.creditinitiative.eu\/wp-content\/uploads\/soundcloud.png\" width=\"37\" height=\"21\" alt=\"\" class=\"wp-image-81 alignnone size-full\" \/><\/a>\u00a0 \u00a0 \u00a0\u00a0<a href=\"https:\/\/www.flickr.com\/photos\/europe2019\" target=\"_blank\" rel=\"noopener noreferrer\" title=\"Flickr\"><img loading=\"lazy\" decoding=\"async\" src=\"https:\/\/www.creditinitiative.eu\/wp-content\/uploads\/flickr.png\" width=\"64\" height=\"19\" alt=\"\" class=\"wp-image-67 alignnone size-full\" \/><\/a><\/p>\n<p>[\/et_pb_text][\/et_pb_column][\/et_pb_row][\/et_pb_section]<\/p>\n","protected":false},"excerpt":{"rendered":"<p>#economyforfuture Der Gesetzesvorschlag der Europ\u00e4ischen Kreditinitiative\u00a0und sein Hintergrund<!-- Chart Action CSS -->\r\n<style type=\"text\/css\">\r\n\t#imap_2 {\n \n}<\/style>\r\n\r\n<!-- Chart Action HTML -->\r\n<div id=\"imap_2\">\n  <div class=\"interactive_map_finder\" id=\"interactive_map_2\" imap=\"2\"><\/div>\n<\/div>Der Vorschlag: Damit die Wirtschaft nicht l\u00e4nger nur den Intentionen gewinnorientierter Anleger und Investoren ausgeliefert bleibt, soll aus dem System der Europ\u00e4ischen Zentralbanken eine profitunabh\u00e4ngige, permanente Finanzierung f\u00fcr Unternehmen geschaffen werden. Wenn sie in kooperativen Zusammenschl\u00fcssen nachhaltig und zukunftsorientiert f\u00fcr den Bedarf der Menschen t\u00e4tig sind und [&hellip;]<\/p>\n","protected":false},"author":1,"featured_media":0,"parent":0,"menu_order":0,"comment_status":"closed","ping_status":"closed","template":"","meta":{"_et_pb_use_builder":"on","_et_pb_old_content":"","_et_gb_content_width":"","footnotes":"","_links_to":"","_links_to_target":""},"class_list":["post-689","page","type-page","status-publish","hentry"],"_links":{"self":[{"href":"https:\/\/www.creditinitiative.eu\/de\/wp-json\/wp\/v2\/pages\/689","targetHints":{"allow":["GET"]}}],"collection":[{"href":"https:\/\/www.creditinitiative.eu\/de\/wp-json\/wp\/v2\/pages"}],"about":[{"href":"https:\/\/www.creditinitiative.eu\/de\/wp-json\/wp\/v2\/types\/page"}],"author":[{"embeddable":true,"href":"https:\/\/www.creditinitiative.eu\/de\/wp-json\/wp\/v2\/users\/1"}],"replies":[{"embeddable":true,"href":"https:\/\/www.creditinitiative.eu\/de\/wp-json\/wp\/v2\/comments?post=689"}],"version-history":[{"count":15,"href":"https:\/\/www.creditinitiative.eu\/de\/wp-json\/wp\/v2\/pages\/689\/revisions"}],"predecessor-version":[{"id":1481,"href":"https:\/\/www.creditinitiative.eu\/de\/wp-json\/wp\/v2\/pages\/689\/revisions\/1481"}],"wp:attachment":[{"href":"https:\/\/www.creditinitiative.eu\/de\/wp-json\/wp\/v2\/media?parent=689"}],"curies":[{"name":"wp","href":"https:\/\/api.w.org\/{rel}","templated":true}]}}