{"id":539,"date":"2020-03-08T10:30:10","date_gmt":"2020-03-08T10:30:10","guid":{"rendered":"https:\/\/www.creditinitiative.eu\/?page_id=539"},"modified":"2025-07-05T18:05:49","modified_gmt":"2025-07-05T18:05:49","slug":"spenden","status":"publish","type":"page","link":"https:\/\/www.creditinitiative.eu\/de\/spenden\/","title":{"rendered":"Spenden"},"content":{"rendered":"<p>[et_pb_section fb_built=&#8220;1&#8243; _builder_version=&#8220;4.16&#8243; min_height=&#8220;315px&#8220; custom_margin=&#8220;||-13px|||&#8220; custom_padding=&#8220;0px||5px|||&#8220; global_colors_info=&#8220;{}&#8220;][et_pb_row column_structure=&#8220;1_2,1_2&#8243; _builder_version=&#8220;4.16&#8243; custom_margin=&#8220;|auto|41px|auto||&#8220; custom_padding=&#8220;0px||0px|||&#8220; global_colors_info=&#8220;{}&#8220;][et_pb_column type=&#8220;1_2&#8243; _builder_version=&#8220;4.16&#8243; global_colors_info=&#8220;{}&#8220;][et_pb_text _builder_version=&#8220;4.16&#8243; header_font=&#8220;|||on|||||&#8220; header_text_color=&#8220;#65b32e&#8220; custom_margin=&#8220;||-53px|||&#8220; custom_padding=&#8220;85px||0px|||&#8220; header_font_size_tablet=&#8220;&#8220; header_font_size_phone=&#8220;17px&#8220; header_font_size_last_edited=&#8220;on|phone&#8220; header_5_font_size_tablet=&#8220;&#8220; header_5_font_size_phone=&#8220;12px&#8220; header_5_font_size_last_edited=&#8220;on|phone&#8220; global_colors_info=&#8220;{}&#8220;]<\/p>\n<p>#economyforfuture<\/p>\n<h1>Unterst\u00fctzen Sie unsere Arbeit mit einer Spende<\/h1>\n<h1><\/h1>\n<p>[\/et_pb_text][et_pb_text _builder_version=&#8220;4.16&#8243; header_font=&#8220;|||on|||||&#8220; header_text_align=&#8220;left&#8220; header_5_font=&#8220;Swanky and Moo Moo|700|on||||||&#8220; header_5_text_align=&#8220;right&#8220; header_5_text_color=&#8220;#e6160f&#8220; header_5_font_size=&#8220;35px&#8220; transform_rotate=&#8220;0deg|0deg|356deg&#8220; width=&#8220;115.5%&#8220; custom_margin=&#8220;-31px|-55px|||false|false&#8220; custom_margin_tablet=&#8220;&#8220; custom_margin_phone=&#8220;0px|0px|0px|0px|false|false&#8220; custom_margin_last_edited=&#8220;on|desktop&#8220; custom_padding=&#8220;0px|81px|0px|0px|false|false&#8220; header_text_align_phone=&#8220;center&#8220; header_text_align_last_edited=&#8220;off|desktop&#8220; header_5_text_align_tablet=&#8220;&#8220; header_5_text_align_phone=&#8220;center&#8220; header_5_text_align_last_edited=&#8220;on|phone&#8220; header_5_text_color_tablet=&#8220;&#8220; header_5_text_color_phone=&#8220;&#8220; header_5_text_color_last_edited=&#8220;on|desktop&#8220; header_5_font_size_tablet=&#8220;&#8220; header_5_font_size_phone=&#8220;22px&#8220; header_5_font_size_last_edited=&#8220;on|desktop&#8220; global_colors_info=&#8220;{}&#8220;]<\/p>\n<h5>Herzlichen Dank!<\/h5>\n<p>[\/et_pb_text][\/et_pb_column][et_pb_column type=&#8220;1_2&#8243; _builder_version=&#8220;4.16&#8243; global_colors_info=&#8220;{}&#8220;][et_pb_code disabled_on=&#8220;on|off|off&#8220; _builder_version=&#8220;4.16&#8243; width=&#8220;92.2%&#8220; custom_margin=&#8220;-110px||-50px|80px|false|false&#8220; custom_padding=&#8220;|0px|||false|false&#8220; global_colors_info=&#8220;{}&#8220;]<!-- Chart Action CSS -->\r\n<style type=\"text\/css\">\r\n\t#imap_1 {\n \n}<\/style>\r\n\r\n<!-- Chart Action HTML -->\r\n<div id=\"imap_1\">\n  <div class=\"interactive_map_finder\" id=\"interactive_map_1\" imap=\"1\"><\/div>\n<\/div>[\/et_pb_code][\/et_pb_column][\/et_pb_row][\/et_pb_section][et_pb_section fb_built=&#8220;1&#8243; _builder_version=&#8220;4.16&#8243; custom_padding=&#8220;2px||0px|||&#8220; global_colors_info=&#8220;{}&#8220;][et_pb_row column_structure=&#8220;3_5,2_5&#8243; _builder_version=&#8220;4.16&#8243; custom_padding=&#8220;0px||0px|||&#8220; global_colors_info=&#8220;{}&#8220;][et_pb_column type=&#8220;3_5&#8243; _builder_version=&#8220;4.16&#8243; global_colors_info=&#8220;{}&#8220;][et_pb_text _builder_version=&#8220;4.21.0&#8243; text_font=&#8220;||||||||&#8220; text_text_color=&#8220;#17428c&#8220; header_font=&#8220;|||on|||||&#8220; header_text_color=&#8220;#65b32e&#8220; header_3_text_color=&#8220;#17428c&#8220; custom_padding=&#8220;||||false|false&#8220; hover_enabled=&#8220;0&#8243; global_colors_info=&#8220;{}&#8220; sticky_enabled=&#8220;0&#8243;]<\/p>\n<p>Ihre Spende geht an den Verein<em> Internationales Kulturzentrum Achberg e.V., <\/em>der Tr\u00e4gerorganisation der Europ\u00e4ischen Kreditinitiative in Deutschland.<\/p>\n<p>Spendenkonto:<\/p>\n<p><span>IBAN: DE88 4306 0967 8233 3668 00<br \/>BIC:\u00a0<\/span><span>GENODEM1GLS<\/span><\/p>\n<p>Wollen Sie an den \u00f6sterreichischen Tr\u00e4ger spenden, bitten wir Sie um eine \u00dcberweisung auf das\u00a0Spendenkonto des Vereins <em>IG-EuroVision<\/em>:<\/p>\n<p>IBAN: AT09 6000 0000 92179671<br \/>BIC: BAWAATWW<\/p>\n<p><strong>Vielen Dank!<\/strong><\/p>\n<p>[\/et_pb_text][\/et_pb_column][et_pb_column type=&#8220;2_5&#8243; _builder_version=&#8220;4.16&#8243; global_colors_info=&#8220;{}&#8220;][\/et_pb_column][\/et_pb_row][et_pb_row _builder_version=&#8220;4.16&#8243; custom_margin=&#8220;-52px|auto||auto||&#8220; global_colors_info=&#8220;{}&#8220;][et_pb_column type=&#8220;4_4&#8243; _builder_version=&#8220;4.16&#8243; global_colors_info=&#8220;{}&#8220;][et_pb_divider color=&#8220;#4d5b61&#8243; divider_position=&#8220;center&#8220; _builder_version=&#8220;4.16&#8243; custom_padding=&#8220;34px|||||&#8220; global_colors_info=&#8220;{}&#8220;][\/et_pb_divider][\/et_pb_column][\/et_pb_row][\/et_pb_section][et_pb_section fb_built=&#8220;1&#8243; _builder_version=&#8220;3.28&#8243; custom_margin=&#8220;-33px|||||&#8220; custom_padding=&#8220;68px|||||&#8220; global_module=&#8220;438&#8243; saved_tabs=&#8220;all&#8220; global_colors_info=&#8220;{}&#8220;][et_pb_row column_structure=&#8220;1_3,1_3,1_3&#8243; _builder_version=&#8220;4.16&#8243; custom_margin=&#8220;-46px|auto|-1px|auto||&#8220; custom_padding=&#8220;0px||0px|||&#8220; global_colors_info=&#8220;{}&#8220;][et_pb_column type=&#8220;1_3&#8243; _builder_version=&#8220;4.16&#8243; global_colors_info=&#8220;{}&#8220;][et_pb_text _builder_version=&#8220;4.16&#8243; custom_margin=&#8220;12px||||false|false&#8220; global_colors_info=&#8220;{}&#8220;]<\/p>\n<p><span>Internationales Kulturzentrum Achberg e.V.<br \/> <\/span><span>Panoramastra\u00dfe 30<br \/> 88147 Achberg<br \/> DEUTSCHLAND <\/span><\/p>\n<p><span>+49 8380 500 <\/span><\/p>\n<p><span>IBAN: DE88 4306 0967 8233 3668 00<br \/> <\/span><span>GENODEM1GLS <\/span><\/p>\n<p><span><\/span><\/p>\n<p>[\/et_pb_text][et_pb_text _builder_version=&#8220;4.16&#8243; custom_margin=&#8220;-12px||||false|false&#8220; global_colors_info=&#8220;{}&#8220;]<\/p>\n<p><span><a href=\"mailto:info@creditinitiative.eu \">info@creditinitiative.eu<br \/> <\/a><\/span><span><a href=\"http:\/\/www.creditinitiative.eu \">www.creditinitiative.eu<\/a><\/span><\/p>\n<p><span><\/span><\/p>\n<p><span><\/span><\/p>\n<p>[\/et_pb_text][\/et_pb_column][et_pb_column type=&#8220;1_3&#8243; _builder_version=&#8220;4.16&#8243; global_colors_info=&#8220;{}&#8220;][et_pb_text _builder_version=&#8220;4.16&#8243; custom_margin=&#8220;12px||||false|false&#8220; global_colors_info=&#8220;{}&#8220;]<\/p>\n<p><span>Initiativ-Gesellschaft EuroVision<br \/> <\/span><span>Brantinggasse 61<br \/> 1100 Wien<br \/> \u00d6STERREICH <\/span><\/p>\n<p><span>+43 650 941 32 64<\/span><\/p>\n<p><span>IBAN: AT09 6000 0000 9217 9671<br \/> BIC: OPSKATWW <\/span><\/p>\n<p><span><\/span><\/p>\n<p>[\/et_pb_text][et_pb_text _builder_version=&#8220;4.16&#8243; custom_margin=&#8220;-12px||||false|false&#8220; custom_padding=&#8220;||||false|false&#8220; global_colors_info=&#8220;{}&#8220;]<\/p>\n<p><span><\/span><span style=\"font-size: 15px;\">Ansprechpersonen:<br \/> <\/span><span style=\"font-size: 15px;\">Gerhard Schuster und Daniel Schily<\/span><\/p>\n<p><span><\/span><\/p>\n<p>[\/et_pb_text][\/et_pb_column][et_pb_column type=&#8220;1_3&#8243; _builder_version=&#8220;4.16&#8243; global_colors_info=&#8220;{}&#8220;][et_pb_sidebar area=&#8220;et_pb_widget_area_1&#8243; show_border=&#8220;off&#8220; _builder_version=&#8220;4.16&#8243; custom_margin=&#8220;-18px|3px|||false|false&#8220; global_colors_info=&#8220;{}&#8220;][\/et_pb_sidebar][\/et_pb_column][\/et_pb_row][et_pb_row column_structure=&#8220;3_5,2_5&#8243; _builder_version=&#8220;4.16&#8243; custom_margin=&#8220;-22px|auto|-57px|auto||&#8220; custom_padding=&#8220;||1px|||&#8220; global_colors_info=&#8220;{}&#8220;][et_pb_column type=&#8220;3_5&#8243; _builder_version=&#8220;4.16&#8243; global_colors_info=&#8220;{}&#8220;][et_pb_text _builder_version=&#8220;4.16&#8243; custom_margin=&#8220;-8px||||false|false&#8220; global_colors_info=&#8220;{}&#8220;]<\/p>\n<div>\n<p>\u00a9\u00a02020 | Internationales Kulturzentrum Achberg &amp; IG-EuroVision | <a href=\"https:\/\/www.creditinitiative.eu\/de\/impressum\/\" title=\"Impressum\">Impressum<\/a>\u00a0| <a href=\"https:\/\/www.creditinitiative.eu\/de\/datenschutz\/\" title=\"Datenschutz\">Datenschutz<\/a><\/p>\n<\/div>\n<p>[\/et_pb_text][\/et_pb_column][et_pb_column type=&#8220;2_5&#8243; _builder_version=&#8220;4.16&#8243; global_colors_info=&#8220;{}&#8220;][et_pb_text _builder_version=&#8220;4.16&#8243; transform_scale_last_edited=&#8220;off|desktop&#8220; transform_translate_last_edited=&#8220;off|desktop&#8220; transform_rotate_last_edited=&#8220;off|desktop&#8220; transform_skew_last_edited=&#8220;off|desktop&#8220; transform_origin_last_edited=&#8220;off|desktop&#8220; transform_styles_last_edited=&#8220;off|desktop&#8220; text_orientation=&#8220;right&#8220; custom_margin=&#8220;-10px||||false|false&#8220; text_font_size_tablet=&#8220;&#8220; text_font_size_phone=&#8220;7px&#8220; text_font_size_last_edited=&#8220;on|phone&#8220; text_orientation_tablet=&#8220;&#8220; text_orientation_phone=&#8220;left&#8220; text_orientation_last_edited=&#8220;on|phone&#8220; global_colors_info=&#8220;{}&#8220;]<\/p>\n<p><a href=\"https:\/\/www.facebook.com\/credit.initiative\" target=\"_blank\" rel=\"noopener noreferrer\"><img loading=\"lazy\" decoding=\"async\" src=\"https:\/\/www.creditinitiative.eu\/wp-content\/uploads\/facebook.png\" width=\"88\" height=\"23\" alt=\"\" class=\"wp-image-65 alignnone size-full\" \/><\/a>\u00a0 \u00a0 \u00a0<a href=\"https:\/\/twitter.com\/credit_eci\" target=\"_blank\" rel=\"noopener noreferrer\" title=\"Twitter\"><img loading=\"lazy\" decoding=\"async\" src=\"https:\/\/www.creditinitiative.eu\/wp-content\/uploads\/twitter.png\" width=\"27\" height=\"22\" alt=\"\" class=\"wp-image-83 alignnone size-full\" \/><\/a> \u00a0 \u00a0 \u00a0<a href=\"http:\/\/www.youtube.com\/c\/europe2019net\" target=\"_blank\" rel=\"noopener noreferrer\" title=\"YouTube\"><img loading=\"lazy\" decoding=\"async\" src=\"https:\/\/www.creditinitiative.eu\/wp-content\/uploads\/youtube.png\" width=\"53\" height=\"22\" alt=\"\" class=\"wp-image-85 alignnone size-full\" \/><\/a>\u00a0 \u00a0 \u00a0\u00a0<a href=\"https:\/\/soundcloud.com\/credit-initiative\" target=\"_blank\" rel=\"noopener noreferrer\" title=\"Soundcloud\"><img loading=\"lazy\" decoding=\"async\" src=\"https:\/\/www.creditinitiative.eu\/wp-content\/uploads\/soundcloud.png\" width=\"37\" height=\"21\" alt=\"\" class=\"wp-image-81 alignnone size-full\" \/><\/a>\u00a0 \u00a0 \u00a0\u00a0<a href=\"https:\/\/www.flickr.com\/photos\/europe2019\" target=\"_blank\" rel=\"noopener noreferrer\" title=\"Flickr\"><img loading=\"lazy\" decoding=\"async\" src=\"https:\/\/www.creditinitiative.eu\/wp-content\/uploads\/flickr.png\" width=\"64\" height=\"19\" alt=\"\" class=\"wp-image-67 alignnone size-full\" \/><\/a><\/p>\n<p>[\/et_pb_text][\/et_pb_column][\/et_pb_row][\/et_pb_section]<\/p>\n","protected":false},"excerpt":{"rendered":"<p>#economyforfuture Unterst\u00fctzen Sie unsere Arbeit mit einer Spende Herzlichen Dank!<!-- Chart Action CSS -->\r\n<style type=\"text\/css\">\r\n\t#imap_2 {\n \n}<\/style>\r\n\r\n<!-- Chart Action HTML -->\r\n<div id=\"imap_2\">\n  <div class=\"interactive_map_finder\" id=\"interactive_map_2\" imap=\"2\"><\/div>\n<\/div>Ihre Spende geht an den Verein Internationales Kulturzentrum Achberg e.V., der Tr\u00e4gerorganisation der Europ\u00e4ischen Kreditinitiative in Deutschland. Spendenkonto: IBAN: DE88 4306 0967 8233 3668 00BIC:\u00a0GENODEM1GLS Wollen Sie an den \u00f6sterreichischen Tr\u00e4ger spenden, bitten wir Sie um eine \u00dcberweisung auf das\u00a0Spendenkonto des Vereins IG-EuroVision: IBAN: AT09 [&hellip;]<\/p>\n","protected":false},"author":1,"featured_media":0,"parent":0,"menu_order":0,"comment_status":"closed","ping_status":"closed","template":"","meta":{"_et_pb_use_builder":"on","_et_pb_old_content":"","_et_gb_content_width":"","footnotes":"","_links_to":"","_links_to_target":""},"class_list":["post-539","page","type-page","status-publish","hentry"],"_links":{"self":[{"href":"https:\/\/www.creditinitiative.eu\/de\/wp-json\/wp\/v2\/pages\/539","targetHints":{"allow":["GET"]}}],"collection":[{"href":"https:\/\/www.creditinitiative.eu\/de\/wp-json\/wp\/v2\/pages"}],"about":[{"href":"https:\/\/www.creditinitiative.eu\/de\/wp-json\/wp\/v2\/types\/page"}],"author":[{"embeddable":true,"href":"https:\/\/www.creditinitiative.eu\/de\/wp-json\/wp\/v2\/users\/1"}],"replies":[{"embeddable":true,"href":"https:\/\/www.creditinitiative.eu\/de\/wp-json\/wp\/v2\/comments?post=539"}],"version-history":[{"count":11,"href":"https:\/\/www.creditinitiative.eu\/de\/wp-json\/wp\/v2\/pages\/539\/revisions"}],"predecessor-version":[{"id":1598,"href":"https:\/\/www.creditinitiative.eu\/de\/wp-json\/wp\/v2\/pages\/539\/revisions\/1598"}],"wp:attachment":[{"href":"https:\/\/www.creditinitiative.eu\/de\/wp-json\/wp\/v2\/media?parent=539"}],"curies":[{"name":"wp","href":"https:\/\/api.w.org\/{rel}","templated":true}]}}