{"id":19,"date":"2019-09-12T14:52:58","date_gmt":"2019-09-12T14:52:58","guid":{"rendered":"https:\/\/www.creditinitiative.eu\/?page_id=19"},"modified":"2020-12-31T06:43:47","modified_gmt":"2020-12-31T06:43:47","slug":"start","status":"publish","type":"page","link":"https:\/\/www.creditinitiative.eu\/de\/","title":{"rendered":"Start"},"content":{"rendered":"<p>[et_pb_section fb_built=&#8220;1&#8243; _builder_version=&#8220;3.28&#8243; min_height=&#8220;315px&#8220; custom_margin=&#8220;||-13px|||&#8220; custom_padding=&#8220;0px||5px|||&#8220;][et_pb_row column_structure=&#8220;1_2,1_2&#8243; _builder_version=&#8220;3.28&#8243; custom_margin=&#8220;|auto|9px|auto||&#8220; custom_padding=&#8220;0px||0px|||&#8220;][et_pb_column type=&#8220;1_2&#8243; _builder_version=&#8220;3.28&#8243;][et_pb_text _builder_version=&#8220;3.28&#8243; header_font=&#8220;|||on|||||&#8220; header_text_color=&#8220;#65b32e&#8220; custom_margin=&#8220;||-53px|||&#8220; custom_padding=&#8220;85px||0px|||&#8220; header_font_size_tablet=&#8220;&#8220; header_font_size_phone=&#8220;17px&#8220; header_font_size_last_edited=&#8220;on|phone&#8220; header_5_font_size_tablet=&#8220;&#8220; header_5_font_size_phone=&#8220;12px&#8220; header_5_font_size_last_edited=&#8220;on|phone&#8220;]<\/p>\n<p>#economyforfuture<\/p>\n<h1>F\u00fcr einen neuen Weg der Wirtschaft und des Geldes<\/h1>\n<h1><\/h1>\n<p>[\/et_pb_text][et_pb_text _builder_version=&#8220;3.28&#8243; header_font=&#8220;|||on|||||&#8220; header_text_align=&#8220;left&#8220; header_5_font=&#8220;Swanky and Moo Moo|700|on||||||&#8220; header_5_text_align=&#8220;right&#8220; header_5_text_color=&#8220;#e6160f&#8220; header_5_font_size=&#8220;35px&#8220; transform_rotate=&#8220;0deg|0deg|356deg&#8220; width=&#8220;115.5%&#8220; custom_margin=&#8220;-16px|-55px|||false|false&#8220; custom_margin_tablet=&#8220;&#8220; custom_margin_phone=&#8220;0px|0px|0px|0px|false|false&#8220; custom_margin_last_edited=&#8220;on|desktop&#8220; custom_padding=&#8220;18px|0px|0px|0px|false|false&#8220; header_text_align_phone=&#8220;center&#8220; header_text_align_last_edited=&#8220;off|desktop&#8220; header_5_text_align_tablet=&#8220;&#8220; header_5_text_align_phone=&#8220;center&#8220; header_5_text_align_last_edited=&#8220;on|phone&#8220; header_5_text_color_tablet=&#8220;&#8220; header_5_text_color_phone=&#8220;&#8220; header_5_text_color_last_edited=&#8220;on|desktop&#8220; header_5_font_size_tablet=&#8220;&#8220; header_5_font_size_phone=&#8220;22px&#8220; header_5_font_size_last_edited=&#8220;on|desktop&#8220;]<\/p>\n<h5>\u00d6kologisch und sozial!<\/h5>\n<p>[\/et_pb_text][\/et_pb_column][et_pb_column type=&#8220;1_2&#8243; _builder_version=&#8220;3.28&#8243;][et_pb_code disabled_on=&#8220;on|off|off&#8220; _builder_version=&#8220;3.28&#8243; width=&#8220;92.2%&#8220; custom_margin=&#8220;-110px||-50px|80px|false|false&#8220; custom_padding=&#8220;|0px|||false|false&#8220;]<!-- Chart Action CSS -->\r\n<style type=\"text\/css\">\r\n\t#imap_1 {\n \n}<\/style>\r\n\r\n<!-- Chart Action HTML -->\r\n<div id=\"imap_1\">\n  <div class=\"interactive_map_finder\" id=\"interactive_map_1\" imap=\"1\"><\/div>\n<\/div>[\/et_pb_code][\/et_pb_column][\/et_pb_row][et_pb_row column_structure=&#8220;1_2,1_2&#8243; _builder_version=&#8220;3.28&#8243; min_height=&#8220;293px&#8220; custom_margin=&#8220;-41px|auto||auto||&#8220; custom_padding=&#8220;0px||0px|||&#8220;][et_pb_column type=&#8220;1_2&#8243; _builder_version=&#8220;3.28&#8243;][et_pb_video src=&#8220;https:\/\/youtu.be\/QFKnS6mpWIY&#8220; image_src=&#8220;https:\/\/www.creditinitiative.eu\/wp-content\/uploads\/pinavideocover.jpg&#8220; play_icon_color=&#8220;#65b32e&#8220; thumbnail_overlay_color=&#8220;rgba(204,204,204,0.6)&#8220; _builder_version=&#8220;4.7.7&#8243; _module_preset=&#8220;default&#8220; custom_margin=&#8220;8px|||||&#8220; custom_padding=&#8220;7px|||||&#8220;][\/et_pb_video][et_pb_text _builder_version=&#8220;4.7.7&#8243; _module_preset=&#8220;default&#8220; text_font_size=&#8220;13px&#8220; custom_margin=&#8220;-13px|||||&#8220;]<\/p>\n<p>Was will die Europ\u00e4ische Kreditinitiative? Erkl\u00e4rt in 8 Minuten!<\/p>\n<p>[\/et_pb_text][et_pb_divider color=&#8220;#a3acaf&#8220; _builder_version=&#8220;4.5.0&#8243; _module_preset=&#8220;default&#8220; width=&#8220;100%&#8220; module_alignment=&#8220;center&#8220; custom_margin=&#8220;-6px||24px|||&#8220; custom_padding=&#8220;||0px|||&#8220;][\/et_pb_divider][\/et_pb_column][et_pb_column type=&#8220;1_2&#8243; _builder_version=&#8220;3.28&#8243;][et_pb_text _builder_version=&#8220;4.7.7&#8243; text_font=&#8220;||||||||&#8220; text_text_color=&#8220;#17428c&#8220; text_font_size=&#8220;19px&#8220; header_font=&#8220;|||on|||||&#8220; header_text_color=&#8220;#65b32e&#8220; header_3_text_color=&#8220;#17428c&#8220; text_orientation=&#8220;center&#8220; width=&#8220;85%&#8220; max_width=&#8220;100%&#8220; module_alignment=&#8220;center&#8220; custom_margin=&#8220;11px|||||&#8220; custom_padding=&#8220;1px|||||&#8220;]<\/p>\n<p>Bis zum 30. Dezember 2020 unsere\u00a0<strong>Petition an den Deutschen Bundestag<\/strong> mitzeichen:<\/p>\n<p>[\/et_pb_text][et_pb_text _builder_version=&#8220;4.7.7&#8243; text_font=&#8220;||||||||&#8220; text_text_color=&#8220;#65b32e&#8220; text_font_size=&#8220;16px&#8220; text_line_height=&#8220;1.5em&#8220; header_font=&#8220;|||on|||||&#8220; header_text_color=&#8220;#65b32e&#8220; header_3_text_color=&#8220;#17428c&#8220; transform_rotate=&#8220;0deg|0deg|2deg&#8220; text_orientation=&#8220;center&#8220; width=&#8220;100%&#8220; max_width=&#8220;100%&#8220; module_alignment=&#8220;center&#8220; custom_margin=&#8220;21px|||||&#8220; custom_padding=&#8220;1px||0px|86px|false|false&#8220;]<\/p>\n<p style=\"text-align: left;\"><strong>Wir freuen uns \u00fcber die <a href=\"https:\/\/www.creditinitiative.eu\/de\/aufruf\/\" target=\"_blank\" rel=\"noopener noreferrer\" title=\"Bundestagspetition\">9718 Mitzeichnungen<\/a>!<br \/> Vielen Dank an alle, die uns bei der Kampagne<br \/> unterst\u00fctzt haben!<\/strong><\/p>\n<p>[\/et_pb_text][et_pb_text _builder_version=&#8220;4.7.7&#8243; text_font=&#8220;|600|||||||&#8220; text_text_color=&#8220;#17428c&#8220; text_font_size=&#8220;17px&#8220; text_line_height=&#8220;1.5em&#8220; header_font=&#8220;|||on|||||&#8220; header_text_color=&#8220;#65b32e&#8220; header_3_text_color=&#8220;#17428c&#8220; text_orientation=&#8220;center&#8220; width=&#8220;100%&#8220; max_width=&#8220;100%&#8220; module_alignment=&#8220;center&#8220; custom_margin=&#8220;18px|||||&#8220; custom_padding=&#8220;1px||0px|||&#8220;]<\/p>\n<p>Damit Unternehmen nachhaltig und zukunftssicher wirtschaften k\u00f6nnen, brauchen sie eine profizunabh\u00e4nige Finanzierung.<\/p>\n<p>Unterst\u00fctzen Sie unsere europaweite Aufbauinitiative in Vorbereitung auf eine Europ\u00e4ische B\u00fcrgerinitiative!<\/p>\n<p>[\/et_pb_text][et_pb_button button_url=&#8220;https:\/\/www.creditinitiative.eu\/de\/aufruf\/&#8220; button_text=&#8220;Jetzt unterzeichnen&#8220; button_alignment=&#8220;center&#8220; _builder_version=&#8220;4.7.7&#8243; button_text_size=&#8220;19px&#8220; button_border_width=&#8220;2px&#8220; button_border_radius=&#8220;58px&#8220; button_letter_spacing=&#8220;0px&#8220; button_font=&#8220;|||on|||||&#8220; custom_margin=&#8220;23px|||||&#8220;][\/et_pb_button][\/et_pb_column][\/et_pb_row][et_pb_row column_structure=&#8220;1_4,1_4,1_2&#8243; _builder_version=&#8220;3.28&#8243; custom_margin=&#8220;|auto|15px|auto||&#8220; custom_padding=&#8220;5px||0px|||&#8220;][et_pb_column type=&#8220;1_4&#8243; _builder_version=&#8220;3.28&#8243;][et_pb_image src=&#8220;https:\/\/www.creditinitiative.eu\/wp-content\/uploads\/h\u00f6rbuch_cover.jpg&#8220; title_text=&#8220;h\u00f6rbuch_cover&#8220; url=&#8220;https:\/\/soundcloud.com\/credit-initiative\/infobroschuere-hoerbuch&#8220; url_new_window=&#8220;on&#8220; _builder_version=&#8220;4.5.0&#8243; _module_preset=&#8220;default&#8220; transform_rotate=&#8220;0deg|0deg|357deg&#8220; width=&#8220;85%&#8220; module_alignment=&#8220;left&#8220; border_width_all=&#8220;1px&#8220; border_color_all=&#8220;#9ea9aa&#8220;][\/et_pb_image][\/et_pb_column][et_pb_column type=&#8220;1_4&#8243; _builder_version=&#8220;3.28&#8243;][et_pb_text _builder_version=&#8220;4.5.0&#8243; text_font=&#8220;||||||||&#8220; text_text_color=&#8220;#4d5b61&#8243; text_font_size=&#8220;20px&#8220; header_font=&#8220;|||on|||||&#8220; header_text_color=&#8220;#65b32e&#8220; header_3_text_color=&#8220;#17428c&#8220; text_orientation=&#8220;center&#8220; width=&#8220;85%&#8220; max_width=&#8220;100%&#8220; module_alignment=&#8220;center&#8220; custom_margin=&#8220;||-40px||false|false&#8220; custom_padding=&#8220;1px|30px|||false|false&#8220;]<\/p>\n<p style=\"text-align: center;\">Das H\u00f6rbuch zur\u00a0European Credit\u00a0Initiative ?<\/p>\n<p style=\"text-align: center;\">Jetzt auf <a href=\"https:\/\/soundcloud.com\/credit-initiative\/infobroschuere-hoerbuch\" target=\"_blank\" rel=\"noopener noreferrer\" title=\"H\u00f6rbuch \">\u203a\u203a\u203a Soundcloud<\/a> h\u00f6ren!<\/p>\n<p>[\/et_pb_text][\/et_pb_column][et_pb_column type=&#8220;1_2&#8243; _builder_version=&#8220;3.28&#8243;][et_pb_text _builder_version=&#8220;4.5.0&#8243; header_font=&#8220;|||on|||||&#8220; header_text_color=&#8220;#65b32e&#8220; header_3_text_color=&#8220;#17428c&#8220; custom_padding=&#8220;0px|||||&#8220;]<\/p>\n<p><strong>Die Europ\u00e4ische Kreditinitiative zeigt eine Perspektive auf, wie wir ein kooperatives Wirtschaftsleben jenseits des Profitprinzips organisieren und finanzieren k\u00f6nnen. Als konkreten ersten Schritt machen wir den Vorschlag<a href=\"https:\/\/www.creditinitiative.eu\/vorschlag\/\" title=\"Vorschlag\"><\/a> einer Erg\u00e4nzung der Statuten der Europ\u00e4ischen Zentralbank.<\/strong><\/p>\n<p>[\/et_pb_text][\/et_pb_column][\/et_pb_row][\/et_pb_section][et_pb_section fb_built=&#8220;1&#8243; _builder_version=&#8220;3.28&#8243; custom_margin=&#8220;-7px|||||&#8220; custom_padding=&#8220;17px||0px|||&#8220;][et_pb_row _builder_version=&#8220;3.28&#8243; custom_margin=&#8220;|auto|-16px|auto||&#8220; custom_padding=&#8220;0px||0px|||&#8220;][et_pb_column type=&#8220;4_4&#8243; _builder_version=&#8220;3.28&#8243;][et_pb_divider color=&#8220;#a3acaf&#8220; _builder_version=&#8220;4.5.0&#8243; _module_preset=&#8220;default&#8220; width=&#8220;100%&#8220; module_alignment=&#8220;center&#8220; custom_margin=&#8220;8px||-7px|||&#8220; custom_padding=&#8220;||0px|||&#8220;][\/et_pb_divider][et_pb_text _builder_version=&#8220;4.7.7&#8243; header_font=&#8220;|||on|||||&#8220; header_text_color=&#8220;#65b32e&#8220; header_3_text_color=&#8220;#17428c&#8220; custom_margin=&#8220;||31px|||&#8220; custom_padding=&#8220;9px|||||&#8220;]<\/p>\n<p style=\"text-align: center;\"><strong>Angesichts drohender \u00f6kologischer Katastrophen und weltweiter sozialer Verwerfungen braucht es Perspektiven des Wandels.\u00a0<span style=\"font-size: 15px;\">Ein gesellschaftlicher Bereich, wo die Ursachen der Krisen am tiefsten wurzeln, ist das der Wirtschaft und des Geldes.\u00a0<\/span><\/strong><\/p>\n<p style=\"text-align: center;\"><span style=\"font-size: 15px;\"><strong>Die einfache Frage lautet: Investieren wir weiterhin nur dort, wo es die Aussicht auf Profit und Wachstum gibt? Oder verstehen wir Wirtschaft als die gesellschaftliche und eigentlich ganz selbstverst\u00e4ndliche Aufgabe, dem Bedarf von Mensch und Natur gerecht zu werden?<\/strong><\/span><\/p>\n<p>[\/et_pb_text][et_pb_divider color=&#8220;#939e9e&#8220; _builder_version=&#8220;4.5.0&#8243; _module_preset=&#8220;default&#8220; custom_margin=&#8220;17px||7px|||&#8220;][\/et_pb_divider][et_pb_text _builder_version=&#8220;3.28&#8243; custom_padding=&#8220;||0px|||&#8220;]<\/p>\n<h2 style=\"text-align: center;\">Aktuelles zur Aktion<\/h2>\n<p>[\/et_pb_text][\/et_pb_column][\/et_pb_row][et_pb_row column_structure=&#8220;1_3,1_3,1_3&#8243; _builder_version=&#8220;3.28&#8243; min_height=&#8220;492px&#8220; custom_margin=&#8220;-17px|auto||auto||&#8220; custom_padding=&#8220;0px|||||&#8220;][et_pb_column type=&#8220;1_3&#8243; _builder_version=&#8220;3.28&#8243;][et_pb_blog fullwidth=&#8220;off&#8220; posts_number=&#8220;1 &#8220; include_categories=&#8220;36&#8243; meta_date=&#8220;j. F Y&#8220; excerpt_length=&#8220;150&#8243; show_more=&#8220;on&#8220; show_author=&#8220;off&#8220; show_pagination=&#8220;off&#8220; masonry_tile_background_color=&#8220;#dbeaff&#8220; admin_label=&#8220;Aktuelles&#8220; _builder_version=&#8220;4.5.0&#8243; header_text_color=&#8220;#4d5b61&#8243; body_line_height=&#8220;1.3em&#8220; meta_text_color=&#8220;#4d5b61&#8243; meta_font_size=&#8220;15px&#8220; read_more_font=&#8220;||||||||&#8220; read_more_text_color=&#8220;#17428c&#8220; text_orientation=&#8220;left&#8220; custom_margin=&#8220;||||false|false&#8220; border_width_all=&#8220;0px&#8220;][\/et_pb_blog][\/et_pb_column][et_pb_column type=&#8220;1_3&#8243; _builder_version=&#8220;3.28&#8243;][et_pb_blog fullwidth=&#8220;off&#8220; posts_number=&#8220;1 &#8220; include_categories=&#8220;36&#8243; meta_date=&#8220;j. F Y&#8220; excerpt_length=&#8220;150&#8243; show_more=&#8220;on&#8220; show_author=&#8220;off&#8220; show_pagination=&#8220;off&#8220; offset_number=&#8220;1&#8243; masonry_tile_background_color=&#8220;#caedc4&#8243; admin_label=&#8220;Aktuelles&#8220; _builder_version=&#8220;4.5.0&#8243; header_text_color=&#8220;#4d5b61&#8243; body_text_color=&#8220;#4d5b61&#8243; body_line_height=&#8220;1.3em&#8220; meta_text_color=&#8220;#4d5b61&#8243; meta_font_size=&#8220;15px&#8220; read_more_font=&#8220;||||||||&#8220; read_more_text_color=&#8220;#17428c&#8220; text_orientation=&#8220;left&#8220; custom_margin=&#8220;||||false|false&#8220; border_width_all=&#8220;0px&#8220;][\/et_pb_blog][\/et_pb_column][et_pb_column type=&#8220;1_3&#8243; _builder_version=&#8220;3.28&#8243;][et_pb_blog fullwidth=&#8220;off&#8220; posts_number=&#8220;1 &#8220; include_categories=&#8220;36&#8243; meta_date=&#8220;j. F Y&#8220; excerpt_length=&#8220;150&#8243; show_more=&#8220;on&#8220; show_author=&#8220;off&#8220; show_pagination=&#8220;off&#8220; offset_number=&#8220;2&#8243; masonry_tile_background_color=&#8220;#f6e8d5&#8243; admin_label=&#8220;Aktuelles&#8220; _builder_version=&#8220;4.5.0&#8243; header_text_color=&#8220;#4d5b61&#8243; body_line_height=&#8220;1.3em&#8220; meta_text_color=&#8220;#4d5b61&#8243; meta_font_size=&#8220;15px&#8220; read_more_font=&#8220;||||||||&#8220; read_more_text_color=&#8220;#17428c&#8220; text_orientation=&#8220;left&#8220; custom_margin=&#8220;||||false|false&#8220; border_width_all=&#8220;0px&#8220;][\/et_pb_blog][\/et_pb_column][\/et_pb_row][et_pb_row _builder_version=&#8220;4.5.0&#8243; _module_preset=&#8220;default&#8220; custom_margin=&#8220;-55px|auto||auto||&#8220;][et_pb_column type=&#8220;4_4&#8243; _builder_version=&#8220;4.5.0&#8243; _module_preset=&#8220;default&#8220;][et_pb_text _builder_version=&#8220;4.5.0&#8243; _module_preset=&#8220;default&#8220;]<\/p>\n<p style=\"text-align: right;\"><a href=\"https:\/\/www.creditinitiative.eu\/de\/aktuelles\/\" title=\"Aktuelles\"><strong>\u203a\u203a Weitere Beitr\u00e4ge<\/strong><\/a><\/p>\n<p>[\/et_pb_text][\/et_pb_column][\/et_pb_row][et_pb_row _builder_version=&#8220;3.28&#8243; custom_margin=&#8220;-52px|auto||auto||&#8220;][et_pb_column type=&#8220;4_4&#8243; _builder_version=&#8220;3.28&#8243;][et_pb_divider color=&#8220;#4d5b61&#8243; divider_position=&#8220;center&#8220; _builder_version=&#8220;3.28&#8243;][\/et_pb_divider][\/et_pb_column][\/et_pb_row][\/et_pb_section][et_pb_section fb_built=&#8220;1&#8243; _builder_version=&#8220;3.28&#8243; custom_margin=&#8220;-33px|||||&#8220; custom_padding=&#8220;68px|||||&#8220; global_module=&#8220;438&#8243; saved_tabs=&#8220;all&#8220;][et_pb_row column_structure=&#8220;1_3,1_3,1_3&#8243; _builder_version=&#8220;3.28&#8243; custom_margin=&#8220;-46px|auto|-1px|auto||&#8220; custom_padding=&#8220;0px||0px|||&#8220;][et_pb_column type=&#8220;1_3&#8243; _builder_version=&#8220;3.28&#8243;][et_pb_text _builder_version=&#8220;3.28&#8243; custom_margin=&#8220;12px||||false|false&#8220;]<\/p>\n<p><span>Internationales Kulturzentrum Achberg e.V.<br \/> <\/span><span>Panoramastra\u00dfe 30<br \/> 88147 Achberg<br \/> DEUTSCHLAND <\/span><\/p>\n<p><span>+49 8380 500 <\/span><\/p>\n<p><span>IBAN: DE88 4306 0967 8233 3668 00<br \/> <\/span><span>GENODEM1GLS <\/span><\/p>\n<p><span><\/span><\/p>\n<p>[\/et_pb_text][et_pb_text _builder_version=&#8220;3.28&#8243; custom_margin=&#8220;-12px||||false|false&#8220;]<\/p>\n<p><span><a href=\"mailto:info@creditinitiative.eu \">info@creditinitiative.eu<br \/> <\/a><\/span><span><a href=\"http:\/\/www.creditinitiative.eu \">www.creditinitiative.eu<\/a><\/span><\/p>\n<p><span><\/span><\/p>\n<p><span><\/span><\/p>\n<p>[\/et_pb_text][\/et_pb_column][et_pb_column type=&#8220;1_3&#8243; _builder_version=&#8220;3.28&#8243;][et_pb_text _builder_version=&#8220;3.28&#8243; custom_margin=&#8220;12px||||false|false&#8220;]<\/p>\n<p><span>Initiativ-Gesellschaft EuroVision<br \/> <\/span><span>Brantinggasse 61<br \/> 1100 Wien<br \/> \u00d6STERREICH <\/span><\/p>\n<p><span>+43 650 941 32 64<\/span><\/p>\n<p><span>IBAN: AT09 6000 0000 9217 9671<br \/> BIC: OPSKATWW <\/span><\/p>\n<p><span><\/span><\/p>\n<p>[\/et_pb_text][et_pb_text _builder_version=&#8220;3.28&#8243; custom_margin=&#8220;-12px||||false|false&#8220; custom_padding=&#8220;||||false|false&#8220;]<\/p>\n<p><span><\/span><span style=\"font-size: 15px;\">Ansprechpersonen:<br \/> <\/span><span style=\"font-size: 15px;\">Gerhard Schuster und Daniel Schily<\/span><\/p>\n<p><span><\/span><\/p>\n<p>[\/et_pb_text][\/et_pb_column][et_pb_column type=&#8220;1_3&#8243; _builder_version=&#8220;3.28&#8243;][et_pb_sidebar area=&#8220;et_pb_widget_area_1&#8243; show_border=&#8220;off&#8220; _builder_version=&#8220;3.28&#8243; custom_margin=&#8220;-18px|3px|||false|false&#8220;][\/et_pb_sidebar][\/et_pb_column][\/et_pb_row][et_pb_row column_structure=&#8220;3_5,2_5&#8243; _builder_version=&#8220;3.28&#8243; custom_margin=&#8220;-22px|auto|-57px|auto||&#8220; custom_padding=&#8220;||1px|||&#8220;][et_pb_column type=&#8220;3_5&#8243; _builder_version=&#8220;3.28&#8243;][et_pb_text _builder_version=&#8220;3.28&#8243; custom_margin=&#8220;-8px||||false|false&#8220;]<\/p>\n<div>\n<p>\u00a9\u00a02020 | Internationales Kulturzentrum Achberg &amp; IG-EuroVision | <a href=\"\/impressum\" title=\"Impressum\">Impressum<\/a>\u00a0| <a href=\"\/datenschutz\" title=\"Datenschutz\">Datenschutz<\/a><\/p>\n<\/div>\n<p>[\/et_pb_text][\/et_pb_column][et_pb_column type=&#8220;2_5&#8243; _builder_version=&#8220;3.28&#8243;][et_pb_text _builder_version=&#8220;4.4.0&#8243; transform_scale_last_edited=&#8220;off|desktop&#8220; transform_translate_last_edited=&#8220;off|desktop&#8220; transform_rotate_last_edited=&#8220;off|desktop&#8220; transform_skew_last_edited=&#8220;off|desktop&#8220; transform_origin_last_edited=&#8220;off|desktop&#8220; transform_styles_last_edited=&#8220;off|desktop&#8220; text_orientation=&#8220;right&#8220; custom_margin=&#8220;-10px||||false|false&#8220; text_font_size_tablet=&#8220;&#8220; text_font_size_phone=&#8220;7px&#8220; text_font_size_last_edited=&#8220;on|phone&#8220; text_orientation_tablet=&#8220;&#8220; text_orientation_phone=&#8220;left&#8220; text_orientation_last_edited=&#8220;on|phone&#8220;]<\/p>\n<p><a href=\"https:\/\/www.facebook.com\/credit.initiative\" target=\"_blank\" rel=\"noopener noreferrer\"><img loading=\"lazy\" decoding=\"async\" src=\"https:\/\/www.creditinitiative.eu\/wp-content\/uploads\/facebook.png\" width=\"88\" height=\"23\" alt=\"\" class=\"wp-image-65 alignnone size-full\" \/><\/a>\u00a0 \u00a0 \u00a0<a href=\"https:\/\/twitter.com\/credit_eci\" target=\"_blank\" rel=\"noopener noreferrer\" title=\"Twitter\"><img loading=\"lazy\" decoding=\"async\" src=\"https:\/\/www.creditinitiative.eu\/wp-content\/uploads\/twitter.png\" width=\"27\" height=\"22\" alt=\"\" class=\"wp-image-83 alignnone size-full\" \/><\/a> \u00a0 \u00a0 \u00a0<a href=\"http:\/\/www.youtube.com\/c\/europe2019net\" target=\"_blank\" rel=\"noopener noreferrer\" title=\"YouTube\"><img loading=\"lazy\" decoding=\"async\" src=\"https:\/\/www.creditinitiative.eu\/wp-content\/uploads\/youtube.png\" width=\"53\" height=\"22\" alt=\"\" class=\"wp-image-85 alignnone size-full\" \/><\/a>\u00a0 \u00a0 \u00a0\u00a0<a href=\"https:\/\/soundcloud.com\/credit-initiative\" target=\"_blank\" rel=\"noopener noreferrer\" title=\"Soundcloud\"><img loading=\"lazy\" decoding=\"async\" src=\"https:\/\/www.creditinitiative.eu\/wp-content\/uploads\/soundcloud.png\" width=\"37\" height=\"21\" alt=\"\" class=\"wp-image-81 alignnone size-full\" \/><\/a>\u00a0 \u00a0 \u00a0\u00a0<a href=\"https:\/\/www.flickr.com\/photos\/europe2019\" target=\"_blank\" rel=\"noopener noreferrer\" title=\"Flickr\"><img loading=\"lazy\" decoding=\"async\" src=\"https:\/\/www.creditinitiative.eu\/wp-content\/uploads\/flickr.png\" width=\"64\" height=\"19\" alt=\"\" class=\"wp-image-67 alignnone size-full\" \/><\/a><\/p>\n<p>[\/et_pb_text][\/et_pb_column][\/et_pb_row][\/et_pb_section]<\/p>\n","protected":false},"excerpt":{"rendered":"<p>#economyforfuture F\u00fcr einen neuen Weg der Wirtschaft und des Geldes \u00d6kologisch und sozial!<!-- Chart Action CSS -->\r\n<style type=\"text\/css\">\r\n\t#imap_2 {\n \n}<\/style>\r\n\r\n<!-- Chart Action HTML -->\r\n<div id=\"imap_2\">\n  <div class=\"interactive_map_finder\" id=\"interactive_map_2\" imap=\"2\"><\/div>\n<\/div>Was will die Europ\u00e4ische Kreditinitiative? Erkl\u00e4rt in 8 Minuten!Bis zum 30. Dezember 2020 unsere\u00a0Petition an den Deutschen Bundestag mitzeichen:Wir freuen uns \u00fcber die 9718 Mitzeichnungen! Vielen Dank an alle, die uns bei der Kampagne unterst\u00fctzt haben!Damit Unternehmen nachhaltig und zukunftssicher wirtschaften k\u00f6nnen, [&hellip;]<\/p>\n","protected":false},"author":1,"featured_media":0,"parent":0,"menu_order":0,"comment_status":"closed","ping_status":"closed","template":"","meta":{"_et_pb_use_builder":"on","_et_pb_old_content":"","_et_gb_content_width":"","footnotes":"","_links_to":"","_links_to_target":""},"class_list":["post-19","page","type-page","status-publish","hentry"],"_links":{"self":[{"href":"https:\/\/www.creditinitiative.eu\/de\/wp-json\/wp\/v2\/pages\/19","targetHints":{"allow":["GET"]}}],"collection":[{"href":"https:\/\/www.creditinitiative.eu\/de\/wp-json\/wp\/v2\/pages"}],"about":[{"href":"https:\/\/www.creditinitiative.eu\/de\/wp-json\/wp\/v2\/types\/page"}],"author":[{"embeddable":true,"href":"https:\/\/www.creditinitiative.eu\/de\/wp-json\/wp\/v2\/users\/1"}],"replies":[{"embeddable":true,"href":"https:\/\/www.creditinitiative.eu\/de\/wp-json\/wp\/v2\/comments?post=19"}],"version-history":[{"count":107,"href":"https:\/\/www.creditinitiative.eu\/de\/wp-json\/wp\/v2\/pages\/19\/revisions"}],"predecessor-version":[{"id":1327,"href":"https:\/\/www.creditinitiative.eu\/de\/wp-json\/wp\/v2\/pages\/19\/revisions\/1327"}],"wp:attachment":[{"href":"https:\/\/www.creditinitiative.eu\/de\/wp-json\/wp\/v2\/media?parent=19"}],"curies":[{"name":"wp","href":"https:\/\/api.w.org\/{rel}","templated":true}]}}